{"id":2178,"date":"2019-09-23T19:35:55","date_gmt":"2019-09-23T22:35:55","guid":{"rendered":"http:\/\/170.210.104.16\/?page_id=2178"},"modified":"2020-07-05T00:25:35","modified_gmt":"2020-07-05T03:25:35","slug":"mision-y-valores-universidad-nacional-de-lomas-de-zamora","status":"publish","type":"page","link":"https:\/\/www.unlz.edu.ar\/?page_id=2178","title":{"rendered":"Misi\u00f3n y valores"},"content":{"rendered":"<p>[vc_section fp_anchor=\u00bbbaby_apps\u00bb fp_tooltip=\u00bbBaby Apps\u00bb el_class=\u00bbcolumna-blog\u00bb][vc_row][vc_column css_animation=\u00bbnone\u00bb width=\u00bb1\/2&#8243; css=\u00bb.vc_custom_1570752497698{background-color: #0004f6 !important;}\u00bb el_class=\u00bbcolumn-wrapper&#8211;maxwidth&#8211;500&#8243;][la_divider height=\u00bbsm:100px;\u00bb][la_heading alignment=\u00bbleft\u00bb title=\u00bbInclusi\u00f3n\u00bb title_fz=\u00bbxlg:72px;lg:65px;md:60px;sm:50px;xs:40px;\u00bb title_color=\u00bb#ffffff\u00bb subtitle_color=\u00bb#ffffff\u00bb title_class=\u00bbmargin-0&#8243; el_class=\u00bbmargin-bottom-35 margen-mision\u00bb][\/la_heading][vc_column_text el_class=\u00bbtext-color-white font-size-14 margin-bottom-40 margen-mision\u00bb]<\/p>\n<p style=\"text-align: justify;\">La Universidad de Lomas de Zamora, emplazada en el coraz\u00f3n del Conurbano Bonaerense, convive con la realidad socioecon\u00f3mica compleja que integra por su ubicaci\u00f3n geogr\u00e1fica. El objetivo de esta casa de estudios es asegurar las condiciones de acceso a la Universidad P\u00fablica, Libre y Gratuita para garantizar la igualdad de oportunidades.<\/p>\n<p style=\"text-align: left;\">El acceso de cualquier ciudadana o ciudadano a la Universidad P\u00fablica constituye un derecho adquirido. La educaci\u00f3n superior no s\u00f3lo debe ser un bien p\u00fablico y social, sino un derecho humano universal y una responsabilidad del Estado.<\/p>\n<p>[\/vc_column_text][la_btn title=\u00bbVER CARRERAS\u00bb shape=\u00bbround\u00bb color=\u00bbwhite\u00bb align=\u00bbleft\u00bb link=\u00bburl:http%3A%2F%2Funlz.edu.ar%2Foferta-de-grado%2F|title:Oferta%20de%20Grado||\u00bb][la_divider height=\u00bbsm:100px;\u00bb][\/vc_column][vc_column css_animation=\u00bbnone\u00bb width=\u00bb1\/2&#8243; css=\u00bb.vc_custom_1593919496466{background-image: url(https:\/\/www.unlz.edu.ar\/wp-content\/uploads\/2019\/09\/inclusion.jpg?id=2226) !important;background-position: center !important;background-repeat: no-repeat !important;background-size: cover !important;}\u00bb][la_divider height=\u00bblg:400px;mb:250px;\u00bb][\/vc_column][\/vc_row][\/vc_section][vc_section fp_anchor=\u00bbdigital_art\u00bb fp_tooltip=\u00bbDigital Art\u00bb el_class=\u00bbcolumna-blog\u00bb][vc_row][vc_column css_animation=\u00bbnone\u00bb width=\u00bb1\/2&#8243; css=\u00bb.vc_custom_1569277803664{background-color: #02d0c6 !important;}\u00bb el_class=\u00bbcolumn-wrapper&#8211;maxwidth&#8211;500&#8243;][la_divider height=\u00bbsm:100px;mb:50px;\u00bb][la_heading alignment=\u00bbleft\u00bb title=\u00bbExtensi\u00f3n\u00bb title_fz=\u00bbxlg:72px;lg:65px;md:60px;sm:50px;xs:40px;\u00bb title_color=\u00bb#ffffff\u00bb subtitle_color=\u00bb#ffffff\u00bb el_class=\u00bbmargin-bottom-35 margen-mision\u00bb title_class=\u00bbmargin-0&#8243;][\/la_heading][vc_column_text el_class=\u00bbtext-color-white font-size-14 margin-bottom-40 margen-mision\u00bb]<\/p>\n<p style=\"text-align: justify;\">Nuestra tarea es construir una universidad cada vez m\u00e1s extensionista de puertas abiertas a la comunidad en la que est\u00e1 inserta. No s\u00f3lo se debe continuar con la pol\u00edtica de llevar la universidad a cada rinc\u00f3n de la regi\u00f3n para que est\u00e9 al alcance de los sectores m\u00e1s postergados, tambi\u00e9n debemos escuchar a la sociedad, sus demandas y sus propuestas, generando un di\u00e1logo valioso que nos permita participar activamente en la b\u00fasqueda de soluciones a las necesidades de la comunidad.<\/p>\n<p>[\/vc_column_text][la_btn title=\u00bbVER M\u00c1S\u00bb shape=\u00bbround\u00bb color=\u00bbwhite\u00bb align=\u00bbleft\u00bb link=\u00bburl:http%3A%2F%2Funlz.edu.ar%2Fasuntos-estudiantiles%2F|title:Asuntos%20Estudiantiles||\u00bb][la_divider height=\u00bbsm:100px;\u00bb][\/vc_column][vc_column css_animation=\u00bbnone\u00bb width=\u00bb1\/2&#8243; css=\u00bb.vc_custom_1593919511404{background-image: url(https:\/\/www.unlz.edu.ar\/wp-content\/uploads\/2019\/09\/extension.jpg?id=2225) !important;background-position: center !important;background-repeat: no-repeat !important;background-size: cover !important;}\u00bb][la_divider height=\u00bblg:400px;mb:250px;\u00bb][\/vc_column][\/vc_row][\/vc_section][vc_section fp_anchor=\u00bbstock_apps\u00bb fp_tooltip=\u00bbStock Apps\u00bb el_class=\u00bbbloque-texto\u00bb][vc_row][vc_column css_animation=\u00bbnone\u00bb width=\u00bb1\/2&#8243; css=\u00bb.vc_custom_1569278132567{background-color: #0004f6 !important;}\u00bb el_class=\u00bbcolumn-wrapper&#8211;maxwidth&#8211;500&#8243;][la_divider height=\u00bbsm:100px;mb:50px;\u00bb][la_heading alignment=\u00bbleft\u00bb title=\u00bbDesarrollo cient\u00edfico\u00bb title_fz=\u00bbxlg:72px;lg:65px;md:60px;sm:50px;xs:40px;\u00bb title_color=\u00bb#ffffff\u00bb subtitle_color=\u00bb#ffffff\u00bb el_class=\u00bbmargin-bottom-35 margen-mision\u00bb title_class=\u00bbmargin-0&#8243;][\/la_heading][vc_column_text el_class=\u00bbtext-color-white font-size-14 margin-bottom-40 margen-mision\u00bb]<\/p>\n<p style=\"text-align: justify;\">La Universidad P\u00fablica debe cumplir un papel estrat\u00e9gico en el modelo de producci\u00f3n vigente tanto en la formaci\u00f3n de recursos humanos como en el dise\u00f1o de mejores estrategias productivas.<\/p>\n<p class=\"texto2\" style=\"text-align: left;\">Debemos estimular el desarrollo cient\u00edfico y acad\u00e9mico, y comprometernos con la producci\u00f3n de nuevos conocimientos. La UNLZ asume el compromiso de incentivar la investigaci\u00f3n y el desarrollo de la actividad cient\u00edfica como herramienta que permita ampliar el campo cognitivo de cada especialidad y producir cambios en la vida cotidiana de la sociedad en la que est\u00e1 inserta.<\/p>\n<p>[\/vc_column_text][la_btn title=\u00bbVER M\u00c1S\u00bb shape=\u00bbround\u00bb color=\u00bbwhite\u00bb align=\u00bbleft\u00bb link=\u00bburl:http%3A%2F%2Funlz.edu.ar%2Finvestigacion%2F|title:Investigaci%C3%B3n||\u00bb][la_divider height=\u00bbsm:100px;\u00bb][\/vc_column][vc_column css_animation=\u00bbnone\u00bb width=\u00bb1\/2&#8243; css=\u00bb.vc_custom_1593919522797{background-image: url(https:\/\/www.unlz.edu.ar\/wp-content\/uploads\/2019\/09\/investigacion2.jpg?id=2223) !important;background-position: center !important;background-repeat: no-repeat !important;background-size: cover !important;}\u00bb][la_divider height=\u00bblg:400px;mb:250px;\u00bb][\/vc_column][\/vc_row][\/vc_section][vc_section fp_anchor=\u00bbbranding\u00bb fp_tooltip=\u00bbBranding\u00bb el_class=\u00bbbloque-texto\u00bb][vc_row][vc_column css_animation=\u00bbnone\u00bb width=\u00bb1\/2&#8243; css=\u00bb.vc_custom_1569277841565{background-color: #02d0c6 !important;}\u00bb el_class=\u00bbcolumn-wrapper&#8211;maxwidth&#8211;500&#8243;][la_divider height=\u00bbsm:100px;mb:50px;\u00bb][la_heading alignment=\u00bbleft\u00bb title=\u00bbCalidad Acad\u00e9mica\u00bb title_fz=\u00bbxlg:72px;lg:65px;md:60px;sm:50px;xs:40px;\u00bb title_color=\u00bb#ffffff\u00bb subtitle_color=\u00bb#ffffff\u00bb el_class=\u00bbmargin-bottom-35 margen-mision\u00bb title_class=\u00bbmargin-0&#8243;][\/la_heading][vc_column_text el_class=\u00bbtext-color-white font-size-14 margin-bottom-40 margen-mision\u00bb]<\/p>\n<p style=\"text-align: justify;\">La ense\u00f1anza de esta Universidad es reconocida en diferentes \u00e1mbitos. A trav\u00e9s de herramientas de evaluaci\u00f3n de los recursos materiales y humanos mantenemos est\u00e1ndares de excelencia en nuestras carreras, a la vez que fomentamos la actualizaci\u00f3n y la revisi\u00f3n cr\u00edtica de contenidos.<\/p>\n<p>[\/vc_column_text][la_btn title=\u00bbINICIO\u00bb shape=\u00bbround\u00bb color=\u00bbwhite\u00bb align=\u00bbleft\u00bb link=\u00bburl:http%3A%2F%2F170.210.104.16%2F|title:Home||\u00bb][la_divider height=\u00bbsm:100px;\u00bb][\/vc_column][vc_column css_animation=\u00bbnone\u00bb width=\u00bb1\/2&#8243; css=\u00bb.vc_custom_1593919532509{background-image: url(https:\/\/www.unlz.edu.ar\/wp-content\/uploads\/2019\/09\/calidad-academica.jpg?id=2220) !important;background-position: center !important;background-repeat: no-repeat !important;background-size: cover !important;}\u00bb][la_divider height=\u00bblg:400px;mb:250px;\u00bb][\/vc_column][\/vc_row][\/vc_section]<\/p>\n","protected":false},"excerpt":{"rendered":"<p>[vc_section fp_anchor=\u00bbbaby_apps\u00bb fp_tooltip=\u00bbBaby Apps\u00bb el_class=\u00bbcolumna-blog\u00bb][vc_row][vc_column css_animation=\u00bbnone\u00bb width=\u00bb1\/2&#8243; css=\u00bb.vc_custom_1570752497698{background-color: #0004f6 !important;}\u00bb el_class=\u00bbcolumn-wrapper&#8211;maxwidth&#8211;500&#8243;][la_divider height=\u00bbsm:100px;\u00bb][la_heading alignment=\u00bbleft\u00bb title=\u00bbInclusi\u00f3n\u00bb title_fz=\u00bbxlg:72px;lg:65px;md:60px;sm:50px;xs:40px;\u00bb title_color=\u00bb#ffffff\u00bb subtitle_color=\u00bb#ffffff\u00bb title_class=\u00bbmargin-0&#8243; el_class=\u00bbmargin-bottom-35 margen-mision\u00bb][\/la_heading][vc_column_text el_class=\u00bbtext-color-white font-size-14 margin-bottom-40 margen-mision\u00bb] La Universidad de Lomas de Zamora, emplazada en el coraz\u00f3n del Conurbano Bonaerense, convive con la realidad socioecon\u00f3mica compleja que integra por su ubicaci\u00f3n geogr\u00e1fica. El objetivo de esta casa de estudios es asegurar las condiciones&hellip;<\/p>\n","protected":false},"author":1,"featured_media":2220,"parent":0,"menu_order":0,"comment_status":"closed","ping_status":"closed","template":"","meta":{"footnotes":""},"class_list":["post-2178","page","type-page","status-publish","has-post-thumbnail","hentry"],"yoast_head":"<!-- This site is optimized with the Yoast SEO plugin v26.0 - https:\/\/yoast.com\/wordpress\/plugins\/seo\/ -->\n<title>Misi\u00f3n y Valores Universidad Nacional de Lomas de Zamora<\/title>\n<meta name=\"robots\" content=\"index, follow, max-snippet:-1, max-image-preview:large, max-video-preview:-1\" \/>\n<link rel=\"canonical\" href=\"https:\/\/www.unlz.edu.ar\/?page_id=2178\" \/>\n<meta property=\"og:locale\" content=\"es_ES\" \/>\n<meta property=\"og:type\" content=\"article\" \/>\n<meta property=\"og:title\" content=\"Misi\u00f3n y Valores Universidad Nacional de Lomas de Zamora\" \/>\n<meta property=\"og:description\" content=\"[vc_section fp_anchor=\u00bbbaby_apps\u00bb fp_tooltip=\u00bbBaby Apps\u00bb el_class=\u00bbcolumna-blog\u00bb][vc_row][vc_column css_animation=\u00bbnone\u00bb width=\u00bb1\/2&#8243; css=\u00bb.vc_custom_1570752497698{background-color: #0004f6 !important;}\u00bb el_class=\u00bbcolumn-wrapper&#8211;maxwidth&#8211;500&#8243;][la_divider height=\u00bbsm:100px;\u00bb][la_heading alignment=\u00bbleft\u00bb title=\u00bbInclusi\u00f3n\u00bb title_fz=\u00bbxlg:72px;lg:65px;md:60px;sm:50px;xs:40px;\u00bb title_color=\u00bb#ffffff\u00bb subtitle_color=\u00bb#ffffff\u00bb title_class=\u00bbmargin-0&#8243; el_class=\u00bbmargin-bottom-35 margen-mision\u00bb][\/la_heading][vc_column_text el_class=\u00bbtext-color-white font-size-14 margin-bottom-40 margen-mision\u00bb] La Universidad de Lomas de Zamora, emplazada en el coraz\u00f3n del Conurbano Bonaerense, convive con la realidad socioecon\u00f3mica compleja que integra por su ubicaci\u00f3n geogr\u00e1fica. El objetivo de esta casa de estudios es asegurar las condiciones&hellip;\" \/>\n<meta property=\"og:url\" content=\"https:\/\/www.unlz.edu.ar\/?page_id=2178\" \/>\n<meta property=\"og:site_name\" content=\"UNLZ\" \/>\n<meta property=\"article:publisher\" content=\"https:\/\/www.facebook.com\/UNLZoficial\/\" \/>\n<meta property=\"article:modified_time\" content=\"2020-07-05T03:25:35+00:00\" \/>\n<meta property=\"og:image\" content=\"https:\/\/www.unlz.edu.ar\/wp-content\/uploads\/2019\/09\/calidad-academica.jpg\" \/>\n\t<meta property=\"og:image:width\" content=\"880\" \/>\n\t<meta property=\"og:image:height\" content=\"864\" \/>\n\t<meta property=\"og:image:type\" content=\"image\/jpeg\" \/>\n<meta name=\"twitter:card\" content=\"summary_large_image\" \/>\n<meta name=\"twitter:site\" content=\"@UNLZoficial\" \/>\n<meta name=\"twitter:label1\" content=\"Tiempo de lectura\" \/>\n\t<meta name=\"twitter:data1\" content=\"5 minutos\" \/>\n<script type=\"application\/ld+json\" class=\"yoast-schema-graph\">{\"@context\":\"https:\/\/schema.org\",\"@graph\":[{\"@type\":\"WebPage\",\"@id\":\"https:\/\/www.unlz.edu.ar\/?page_id=2178\",\"url\":\"https:\/\/www.unlz.edu.ar\/?page_id=2178\",\"name\":\"Misi\u00f3n y Valores Universidad Nacional de Lomas de Zamora\",\"isPartOf\":{\"@id\":\"https:\/\/www.unlz.edu.ar\/#website\"},\"primaryImageOfPage\":{\"@id\":\"https:\/\/www.unlz.edu.ar\/?page_id=2178#primaryimage\"},\"image\":{\"@id\":\"https:\/\/www.unlz.edu.ar\/?page_id=2178#primaryimage\"},\"thumbnailUrl\":\"https:\/\/www.unlz.edu.ar\/wp-content\/uploads\/2019\/09\/calidad-academica.jpg\",\"datePublished\":\"2019-09-23T22:35:55+00:00\",\"dateModified\":\"2020-07-05T03:25:35+00:00\",\"breadcrumb\":{\"@id\":\"https:\/\/www.unlz.edu.ar\/?page_id=2178#breadcrumb\"},\"inLanguage\":\"es\",\"potentialAction\":[{\"@type\":\"ReadAction\",\"target\":[\"https:\/\/www.unlz.edu.ar\/?page_id=2178\"]}]},{\"@type\":\"ImageObject\",\"inLanguage\":\"es\",\"@id\":\"https:\/\/www.unlz.edu.ar\/?page_id=2178#primaryimage\",\"url\":\"https:\/\/www.unlz.edu.ar\/wp-content\/uploads\/2019\/09\/calidad-academica.jpg\",\"contentUrl\":\"https:\/\/www.unlz.edu.ar\/wp-content\/uploads\/2019\/09\/calidad-academica.jpg\",\"width\":880,\"height\":864,\"caption\":\"Calidad Acad{emica Universidad Nacional de Lomas de Zamora\"},{\"@type\":\"BreadcrumbList\",\"@id\":\"https:\/\/www.unlz.edu.ar\/?page_id=2178#breadcrumb\",\"itemListElement\":[{\"@type\":\"ListItem\",\"position\":1,\"name\":\"Portada\",\"item\":\"https:\/\/www.unlz.edu.ar\/\"},{\"@type\":\"ListItem\",\"position\":2,\"name\":\"Misi\u00f3n y valores\"}]},{\"@type\":\"WebSite\",\"@id\":\"https:\/\/www.unlz.edu.ar\/#website\",\"url\":\"https:\/\/www.unlz.edu.ar\/\",\"name\":\"UNLZ\",\"description\":\"Universidad Nacional de Lomas de Zamora\",\"publisher\":{\"@id\":\"https:\/\/www.unlz.edu.ar\/#organization\"},\"potentialAction\":[{\"@type\":\"SearchAction\",\"target\":{\"@type\":\"EntryPoint\",\"urlTemplate\":\"https:\/\/www.unlz.edu.ar\/?s={search_term_string}\"},\"query-input\":{\"@type\":\"PropertyValueSpecification\",\"valueRequired\":true,\"valueName\":\"search_term_string\"}}],\"inLanguage\":\"es\"},{\"@type\":\"Organization\",\"@id\":\"https:\/\/www.unlz.edu.ar\/#organization\",\"name\":\"Universidad Nacional de Lomas de Zamora\",\"url\":\"https:\/\/www.unlz.edu.ar\/\",\"logo\":{\"@type\":\"ImageObject\",\"inLanguage\":\"es\",\"@id\":\"https:\/\/www.unlz.edu.ar\/#\/schema\/logo\/image\/\",\"url\":\"https:\/\/www.unlz.edu.ar\/wp-content\/uploads\/2023\/12\/unlz-logo-png.png\",\"contentUrl\":\"https:\/\/www.unlz.edu.ar\/wp-content\/uploads\/2023\/12\/unlz-logo-png.png\",\"width\":115,\"height\":119,\"caption\":\"Universidad Nacional de Lomas de Zamora\"},\"image\":{\"@id\":\"https:\/\/www.unlz.edu.ar\/#\/schema\/logo\/image\/\"},\"sameAs\":[\"https:\/\/www.facebook.com\/UNLZoficial\/\",\"https:\/\/x.com\/UNLZoficial\",\"https:\/\/www.instagram.com\/unlzoficial\/\",\"https:\/\/www.youtube.com\/channel\/UChlG2EZhGAYgBiQdI3Zo5fw\",\"https:\/\/www.tiktok.com\/@unlzoficial\"]}]}<\/script>\n<!-- \/ Yoast SEO plugin. -->","yoast_head_json":{"title":"Misi\u00f3n y Valores Universidad Nacional de Lomas de Zamora","robots":{"index":"index","follow":"follow","max-snippet":"max-snippet:-1","max-image-preview":"max-image-preview:large","max-video-preview":"max-video-preview:-1"},"canonical":"https:\/\/www.unlz.edu.ar\/?page_id=2178","og_locale":"es_ES","og_type":"article","og_title":"Misi\u00f3n y Valores Universidad Nacional de Lomas de Zamora","og_description":"[vc_section fp_anchor=\u00bbbaby_apps\u00bb fp_tooltip=\u00bbBaby Apps\u00bb el_class=\u00bbcolumna-blog\u00bb][vc_row][vc_column css_animation=\u00bbnone\u00bb width=\u00bb1\/2&#8243; css=\u00bb.vc_custom_1570752497698{background-color: #0004f6 !important;}\u00bb el_class=\u00bbcolumn-wrapper&#8211;maxwidth&#8211;500&#8243;][la_divider height=\u00bbsm:100px;\u00bb][la_heading alignment=\u00bbleft\u00bb title=\u00bbInclusi\u00f3n\u00bb title_fz=\u00bbxlg:72px;lg:65px;md:60px;sm:50px;xs:40px;\u00bb title_color=\u00bb#ffffff\u00bb subtitle_color=\u00bb#ffffff\u00bb title_class=\u00bbmargin-0&#8243; el_class=\u00bbmargin-bottom-35 margen-mision\u00bb][\/la_heading][vc_column_text el_class=\u00bbtext-color-white font-size-14 margin-bottom-40 margen-mision\u00bb] La Universidad de Lomas de Zamora, emplazada en el coraz\u00f3n del Conurbano Bonaerense, convive con la realidad socioecon\u00f3mica compleja que integra por su ubicaci\u00f3n geogr\u00e1fica. El objetivo de esta casa de estudios es asegurar las condiciones&hellip;","og_url":"https:\/\/www.unlz.edu.ar\/?page_id=2178","og_site_name":"UNLZ","article_publisher":"https:\/\/www.facebook.com\/UNLZoficial\/","article_modified_time":"2020-07-05T03:25:35+00:00","og_image":[{"width":880,"height":864,"url":"https:\/\/www.unlz.edu.ar\/wp-content\/uploads\/2019\/09\/calidad-academica.jpg","type":"image\/jpeg"}],"twitter_card":"summary_large_image","twitter_site":"@UNLZoficial","twitter_misc":{"Tiempo de lectura":"5 minutos"},"schema":{"@context":"https:\/\/schema.org","@graph":[{"@type":"WebPage","@id":"https:\/\/www.unlz.edu.ar\/?page_id=2178","url":"https:\/\/www.unlz.edu.ar\/?page_id=2178","name":"Misi\u00f3n y Valores Universidad Nacional de Lomas de Zamora","isPartOf":{"@id":"https:\/\/www.unlz.edu.ar\/#website"},"primaryImageOfPage":{"@id":"https:\/\/www.unlz.edu.ar\/?page_id=2178#primaryimage"},"image":{"@id":"https:\/\/www.unlz.edu.ar\/?page_id=2178#primaryimage"},"thumbnailUrl":"https:\/\/www.unlz.edu.ar\/wp-content\/uploads\/2019\/09\/calidad-academica.jpg","datePublished":"2019-09-23T22:35:55+00:00","dateModified":"2020-07-05T03:25:35+00:00","breadcrumb":{"@id":"https:\/\/www.unlz.edu.ar\/?page_id=2178#breadcrumb"},"inLanguage":"es","potentialAction":[{"@type":"ReadAction","target":["https:\/\/www.unlz.edu.ar\/?page_id=2178"]}]},{"@type":"ImageObject","inLanguage":"es","@id":"https:\/\/www.unlz.edu.ar\/?page_id=2178#primaryimage","url":"https:\/\/www.unlz.edu.ar\/wp-content\/uploads\/2019\/09\/calidad-academica.jpg","contentUrl":"https:\/\/www.unlz.edu.ar\/wp-content\/uploads\/2019\/09\/calidad-academica.jpg","width":880,"height":864,"caption":"Calidad Acad{emica Universidad Nacional de Lomas de Zamora"},{"@type":"BreadcrumbList","@id":"https:\/\/www.unlz.edu.ar\/?page_id=2178#breadcrumb","itemListElement":[{"@type":"ListItem","position":1,"name":"Portada","item":"https:\/\/www.unlz.edu.ar\/"},{"@type":"ListItem","position":2,"name":"Misi\u00f3n y valores"}]},{"@type":"WebSite","@id":"https:\/\/www.unlz.edu.ar\/#website","url":"https:\/\/www.unlz.edu.ar\/","name":"UNLZ","description":"Universidad Nacional de Lomas de Zamora","publisher":{"@id":"https:\/\/www.unlz.edu.ar\/#organization"},"potentialAction":[{"@type":"SearchAction","target":{"@type":"EntryPoint","urlTemplate":"https:\/\/www.unlz.edu.ar\/?s={search_term_string}"},"query-input":{"@type":"PropertyValueSpecification","valueRequired":true,"valueName":"search_term_string"}}],"inLanguage":"es"},{"@type":"Organization","@id":"https:\/\/www.unlz.edu.ar\/#organization","name":"Universidad Nacional de Lomas de Zamora","url":"https:\/\/www.unlz.edu.ar\/","logo":{"@type":"ImageObject","inLanguage":"es","@id":"https:\/\/www.unlz.edu.ar\/#\/schema\/logo\/image\/","url":"https:\/\/www.unlz.edu.ar\/wp-content\/uploads\/2023\/12\/unlz-logo-png.png","contentUrl":"https:\/\/www.unlz.edu.ar\/wp-content\/uploads\/2023\/12\/unlz-logo-png.png","width":115,"height":119,"caption":"Universidad Nacional de Lomas de Zamora"},"image":{"@id":"https:\/\/www.unlz.edu.ar\/#\/schema\/logo\/image\/"},"sameAs":["https:\/\/www.facebook.com\/UNLZoficial\/","https:\/\/x.com\/UNLZoficial","https:\/\/www.instagram.com\/unlzoficial\/","https:\/\/www.youtube.com\/channel\/UChlG2EZhGAYgBiQdI3Zo5fw","https:\/\/www.tiktok.com\/@unlzoficial"]}]}},"_links":{"self":[{"href":"https:\/\/www.unlz.edu.ar\/index.php?rest_route=\/wp\/v2\/pages\/2178","targetHints":{"allow":["GET"]}}],"collection":[{"href":"https:\/\/www.unlz.edu.ar\/index.php?rest_route=\/wp\/v2\/pages"}],"about":[{"href":"https:\/\/www.unlz.edu.ar\/index.php?rest_route=\/wp\/v2\/types\/page"}],"author":[{"embeddable":true,"href":"https:\/\/www.unlz.edu.ar\/index.php?rest_route=\/wp\/v2\/users\/1"}],"replies":[{"embeddable":true,"href":"https:\/\/www.unlz.edu.ar\/index.php?rest_route=%2Fwp%2Fv2%2Fcomments&post=2178"}],"version-history":[{"count":38,"href":"https:\/\/www.unlz.edu.ar\/index.php?rest_route=\/wp\/v2\/pages\/2178\/revisions"}],"predecessor-version":[{"id":6042,"href":"https:\/\/www.unlz.edu.ar\/index.php?rest_route=\/wp\/v2\/pages\/2178\/revisions\/6042"}],"wp:featuredmedia":[{"embeddable":true,"href":"https:\/\/www.unlz.edu.ar\/index.php?rest_route=\/wp\/v2\/media\/2220"}],"wp:attachment":[{"href":"https:\/\/www.unlz.edu.ar\/index.php?rest_route=%2Fwp%2Fv2%2Fmedia&parent=2178"}],"curies":[{"name":"wp","href":"https:\/\/api.w.org\/{rel}","templated":true}]}}