{"id":2264,"date":"2019-09-24T19:58:34","date_gmt":"2019-09-24T22:58:34","guid":{"rendered":"http:\/\/170.210.104.16\/?page_id=2264"},"modified":"2019-11-13T18:19:24","modified_gmt":"2019-11-13T21:19:24","slug":"como-llegar-universidad-de-lomas-de-zamora-unlz","status":"publish","type":"page","link":"https:\/\/www.unlz.edu.ar\/?page_id=2264","title":{"rendered":"C\u00f3mo llegar"},"content":{"rendered":"<p>[vc_row full_width=\u00bbstretch_row_content_no_spaces\u00bb css=\u00bb.vc_custom_1570807381335{padding-top: 0px !important;padding-right: 0px !important;padding-bottom: 0px !important;padding-left: 0px !important;background-color: #ffffff !important;}\u00bb][vc_column css=\u00bb.vc_custom_1570803801454{padding-top: 0px !important;padding-right: 0px !important;padding-bottom: 0px !important;padding-left: 0px !important;background-color: #ffffff !important;}\u00bb][vc_gmaps link=\u00bb#E-8_JTNDaWZyYW1lJTIwc3JjJTNEJTIyaHR0cHMlM0ElMkYlMkZ3d3cuZ29vZ2xlLmNvbSUyRm1hcHMlMkZlbWJlZCUzRnBiJTNEJTIxMW0xNCUyMTFtOCUyMTFtMyUyMTFkNTI0MzUuMTQ3OTQyMzAxMDklMjEyZC01OC40NTU5ODclMjEzZC0zNC43NzU4MjIlMjEzbTIlMjExaTEwMjQlMjEyaTc2OCUyMTRmMTMuMSUyMTNtMyUyMTFtMiUyMTFzMHgwJTI1M0EweGQzYjBjYWNjODU5ODhiZTklMjEyc1VuaXZlcnNpZGFkJTI1MjBOYWNpb25hbCUyNTIwZGUlMjUyMExvbWFzJTI1MjBkZSUyNTIwWmFtb3JhJTIxNWUwJTIxM20yJTIxMXNlcy00MTklMjEyc2FyJTIxNHYxNTY5MzY1NTk4ODk5JTIxNW0yJTIxMXNlcy00MTklMjEyc2FyJTIyJTIwd2lkdGglM0QlMjI2MDAlMjIlMjBoZWlnaHQlM0QlMjI2MDAlMjIlMjBmcmFtZWJvcmRlciUzRCUyMjAlMjIlMjBzdHlsZSUzRCUyMmJvcmRlciUzQTAlM0IlMjIlMjBhbGxvd2Z1bGxzY3JlZW4lM0QlMjIlMjIlM0UlM0MlMkZpZnJhbWUlM0U=\u00bb size=\u00bb600&#8243; css=\u00bb.vc_custom_1570818738739{padding-top: 0px !important;padding-right: 0px !important;padding-bottom: 0px !important;padding-left: 0px !important;background-color: #ffffff !important;background-position: center !important;background-repeat: no-repeat !important;background-size: cover !important;}\u00bb el_class=\u00bbmap-responsive\u00bb][la_divider height=\u00bbmb:50px;\u00bb][\/vc_column][\/vc_row][vc_row][vc_column offset=\u00bbvc_col-lg-offset-2 vc_col-lg-8 vc_col-md-offset-1 vc_col-md-10&#8243;][la_divider height=\u00bblg:40px;mb:0px;\u00bb][la_heading use_gfont_subtitle=\u00bbyes\u00bb title=\u00bbC\u00f3mo llegar\u00bb title_fz=\u00bblg:72px;mb:40px;\u00bb subtitle_font=\u00bbfont_family:Abril%20Fatface%3Aregular\u00bb subtitle_fz=\u00bblg:14px;\u00bb subtitle_color=\u00bb#232324&#8243;][\/la_heading][\/vc_column][\/vc_row][vc_row el_class=\u00bbbloque-texto\u00bb][vc_column width=\u00bb5\/6&#8243; offset=\u00bbvc_col-lg-offset-3 vc_col-lg-6 vc_col-md-offset-2 vc_col-md-8 vc_col-sm-offset-1&#8243;][la_divider height=\u00bblg:35px;\u00bb][vc_row_inner][vc_column_inner width=\u00bb1\/3&#8243; css=\u00bb.vc_custom_1497225305278{padding-right: 0px !important;padding-left: 0px !important;}\u00bb][la_icon_boxes icon_type=\u00bbla_icon_outline\u00bb icon_la_icon_outline=\u00bbla-icon ui-3_phone-call\u00bb icon_pos=\u00bbtop\u00bb icon_size=\u00bb30&#8243; icon_nucleo_outline=\u00bbnc-icon-outline ui-3_phone-call\u00bb icon_color=\u00bb#343538&#8243; el_class=\u00bbtext-center\u00bb desc_fz=\u00bblg:11px;\u00bb desc_color=\u00bb#343538&#8243; desc_class=\u00bbtext-uppercase\u00bb]4282 8045 \/ 4283 1534[\/la_icon_boxes][\/vc_column_inner][vc_column_inner width=\u00bb1\/3&#8243; css=\u00bb.vc_custom_1497225312601{padding-right: 0px !important;padding-left: 0px !important;}\u00bb][la_icon_boxes icon_type=\u00bbla_icon_outline\u00bb icon_la_icon_outline=\u00bbla-icon location_pin\u00bb icon_pos=\u00bbtop\u00bb icon_size=\u00bb30&#8243; icon_nucleo_outline=\u00bbnc-icon-outline location_pin\u00bb icon_color=\u00bb#343538&#8243; el_class=\u00bbtext-center\u00bb desc_fz=\u00bblg:11px;\u00bb desc_color=\u00bb#343538&#8243; desc_class=\u00bbtext-uppercase\u00bb]Camino de Cintura y Juan XXIII<br \/>\nLomas de Zamora, BA, Argentina[\/la_icon_boxes][\/vc_column_inner][vc_column_inner width=\u00bb1\/3&#8243; css=\u00bb.vc_custom_1497225317630{padding-right: 0px !important;padding-left: 0px !important;}\u00bb][la_icon_boxes icon_type=\u00bbla_icon_outline\u00bb icon_la_icon_outline=\u00bbla-icon ui-1_email-84&#8243; icon_pos=\u00bbtop\u00bb icon_size=\u00bb30&#8243; icon_nucleo_outline=\u00bbnc-icon-outline ui-1_email-84&#8243; icon_color=\u00bb#343538&#8243; el_class=\u00bbtext-center\u00bb desc_fz=\u00bblg:11px;\u00bb desc_color=\u00bb#343538&#8243; desc_class=\u00bbtext-uppercase\u00bb]info@unlz.edu.ar[\/la_icon_boxes][\/vc_column_inner][\/vc_row_inner][la_divider height=\u00bblg:35px;\u00bb][vc_column_text]<\/p>\n<p style=\"text-align: justify;\"><span class=\"texto2\"><strong>La l\u00ednea 164<\/strong>\u00a0(Pompeya \u2013 Monte Grande), Cuenta con un punto de parada en las calles Laprida e Italia, (centro de Lomas de Zamora) que lo dejar\u00e1 en el Acceso 2 de la Universidad (viaje aproximado 35 minutos). \u2022 <strong>La l\u00ednea<\/strong> <strong>561<\/strong>, Parte de la estaci\u00f3n de Lomas de Zamora hacia la Universidad (viaje aproximado 35 minutos). <strong>La l\u00ednea 306<\/strong> (Monte Grande \u2013 Puente de la Noria), Cuenta con un punto de parada en las calles Alem y Arana, (centro de Monte Grande) que lo dejar\u00e1 en el Acceso 2 de la Universidad (viaje aproximado 20 minutos). \u2022 <strong>Las l\u00edneas 501 y 165<\/strong> (San Mart\u00edn), Parten de la estaci\u00f3n de la estaci\u00f3n de Monte Grande hacia la Universidad (viaje aproximado 20 minutos).<\/span><\/p>\n<p class=\"texto2\" style=\"text-align: justify;\">Otra opci\u00f3n L\u00edneas de colectivos que llegan al Cruce de Lomas de Zamora, desde donde se puede realizar el trasbordo a las l\u00edneas: \u2022 L\u00ednea 406 (Lomas de Zamora \u2013 Ramos Mej\u00eda). \u2022 <strong>L\u00ednea 543<\/strong> (Estaci\u00f3n Lomas de Zamora \u2013 Cruce de Lomas de Zamora). \u2022 <strong>L\u00ednea 549<\/strong> (Estaci\u00f3n de Temperley \u2013 Cruce de Lomas de Zamora). \u2022 <strong>L\u00ednea 552<\/strong> (Estaci\u00f3n de Banfield \u2013 Cruce de Lomas de Zamora). \u2022 <strong>L\u00ednea 338 \u201cCostera\u201d<\/strong> (San Isidro \u2013 la Plata). \u2022 <strong>L\u00ednea 20<\/strong> (Retiro \u2013 Cruce de Lomas de Zamora). \u2022 <strong>L\u00ednea 277<\/strong> (Avellaneda \u2013 Cruce de Lomas de Zamora). \u2022<strong> L\u00ednea 188<\/strong> (Palermo \u2013 Cruce de Lomas de Zamora).<\/p>\n<p class=\"texto2\" style=\"text-align: justify;\">Usted tambi\u00e9n puede llegar al Campus Universitario utilizando el servicio<strong> Charter de Minib\u00fas<\/strong> que parte desde la Terminal Obelisco. Empresas 7 de Agosto (Tel: 4281-7000 \u00f3 4290-6212)<\/p>\n<p>[\/vc_column_text][la_divider height=\u00bblg:90px;\u00bb][\/vc_column][\/vc_row]<\/p>\n","protected":false},"excerpt":{"rendered":"<p>[vc_row full_width=\u00bbstretch_row_content_no_spaces\u00bb css=\u00bb.vc_custom_1570807381335{padding-top: 0px !important;padding-right: 0px !important;padding-bottom: 0px !important;padding-left: 0px !important;background-color: #ffffff !important;}\u00bb][vc_column css=\u00bb.vc_custom_1570803801454{padding-top: 0px !important;padding-right: 0px !important;padding-bottom: 0px !important;padding-left: 0px !important;background-color: #ffffff !important;}\u00bb][vc_gmaps link=\u00bb#E-8_JTNDaWZyYW1lJTIwc3JjJTNEJTIyaHR0cHMlM0ElMkYlMkZ3d3cuZ29vZ2xlLmNvbSUyRm1hcHMlMkZlbWJlZCUzRnBiJTNEJTIxMW0xNCUyMTFtOCUyMTFtMyUyMTFkNTI0MzUuMTQ3OTQyMzAxMDklMjEyZC01OC40NTU5ODclMjEzZC0zNC43NzU4MjIlMjEzbTIlMjExaTEwMjQlMjEyaTc2OCUyMTRmMTMuMSUyMTNtMyUyMTFtMiUyMTFzMHgwJTI1M0EweGQzYjBjYWNjODU5ODhiZTklMjEyc1VuaXZlcnNpZGFkJTI1MjBOYWNpb25hbCUyNTIwZGUlMjUyMExvbWFzJTI1MjBkZSUyNTIwWmFtb3JhJTIxNWUwJTIxM20yJTIxMXNlcy00MTklMjEyc2FyJTIxNHYxNTY5MzY1NTk4ODk5JTIxNW0yJTIxMXNlcy00MTklMjEyc2FyJTIyJTIwd2lkdGglM0QlMjI2MDAlMjIlMjBoZWlnaHQlM0QlMjI2MDAlMjIlMjBmcmFtZWJvcmRlciUzRCUyMjAlMjIlMjBzdHlsZSUzRCUyMmJvcmRlciUzQTAlM0IlMjIlMjBhbGxvd2Z1bGxzY3JlZW4lM0QlMjIlMjIlM0UlM0MlMkZpZnJhbWUlM0U=\u00bb size=\u00bb600&#8243; css=\u00bb.vc_custom_1570818738739{padding-top: 0px !important;padding-right: 0px !important;padding-bottom: 0px !important;padding-left: 0px !important;background-color: #ffffff !important;background-position: center !important;background-repeat: no-repeat !important;background-size: cover !important;}\u00bb el_class=\u00bbmap-responsive\u00bb][la_divider height=\u00bbmb:50px;\u00bb][\/vc_column][\/vc_row][vc_row][vc_column offset=\u00bbvc_col-lg-offset-2 vc_col-lg-8 vc_col-md-offset-1 vc_col-md-10&#8243;][la_divider height=\u00bblg:40px;mb:0px;\u00bb][la_heading use_gfont_subtitle=\u00bbyes\u00bb title=\u00bbC\u00f3mo llegar\u00bb title_fz=\u00bblg:72px;mb:40px;\u00bb subtitle_font=\u00bbfont_family:Abril%20Fatface%3Aregular\u00bb subtitle_fz=\u00bblg:14px;\u00bb subtitle_color=\u00bb#232324&#8243;][\/la_heading][\/vc_column][\/vc_row][vc_row el_class=\u00bbbloque-texto\u00bb][vc_column width=\u00bb5\/6&#8243; offset=\u00bbvc_col-lg-offset-3&hellip;<\/p>\n","protected":false},"author":1,"featured_media":2023,"parent":0,"menu_order":0,"comment_status":"closed","ping_status":"closed","template":"","meta":{"footnotes":""},"class_list":["post-2264","page","type-page","status-publish","has-post-thumbnail","hentry"],"yoast_head":"<!-- This site is optimized with the Yoast SEO plugin v26.0 - https:\/\/yoast.com\/wordpress\/plugins\/seo\/ -->\n<title>C\u00f3mo llegar Universidad de Lomas de Zamora | UNLZ<\/title>\n<meta name=\"description\" content=\"Camino de Cintura y Juan XXIII, Lomas de Zamora, Buenos Aires, Argentina. Google maps, l\u00edneas de Colectivo, servicio de Charter de Minib\u00fas. C\u00f3mo llegar UNLZ\" \/>\n<meta name=\"robots\" content=\"index, follow, max-snippet:-1, max-image-preview:large, max-video-preview:-1\" \/>\n<link rel=\"canonical\" href=\"https:\/\/www.unlz.edu.ar\/?page_id=2264\" \/>\n<meta property=\"og:locale\" content=\"es_ES\" \/>\n<meta property=\"og:type\" content=\"article\" \/>\n<meta property=\"og:title\" content=\"C\u00f3mo llegar Universidad de Lomas de Zamora | UNLZ\" \/>\n<meta property=\"og:description\" content=\"Camino de Cintura y Juan XXIII, Lomas de Zamora, Buenos Aires, Argentina. Google maps, l\u00edneas de Colectivo, servicio de Charter de Minib\u00fas. C\u00f3mo llegar UNLZ\" \/>\n<meta property=\"og:url\" content=\"https:\/\/www.unlz.edu.ar\/?page_id=2264\" \/>\n<meta property=\"og:site_name\" content=\"UNLZ\" \/>\n<meta property=\"article:publisher\" content=\"https:\/\/www.facebook.com\/UNLZoficial\/\" \/>\n<meta property=\"article:modified_time\" content=\"2019-11-13T21:19:24+00:00\" \/>\n<meta property=\"og:image\" content=\"https:\/\/www.unlz.edu.ar\/wp-content\/uploads\/2019\/09\/Campusunlz.jpg\" \/>\n\t<meta property=\"og:image:width\" content=\"1920\" \/>\n\t<meta property=\"og:image:height\" content=\"1025\" \/>\n\t<meta property=\"og:image:type\" content=\"image\/jpeg\" \/>\n<meta name=\"twitter:card\" content=\"summary_large_image\" \/>\n<meta name=\"twitter:site\" content=\"@UNLZoficial\" \/>\n<meta name=\"twitter:label1\" content=\"Tiempo de lectura\" \/>\n\t<meta name=\"twitter:data1\" content=\"3 minutos\" \/>\n<script type=\"application\/ld+json\" class=\"yoast-schema-graph\">{\"@context\":\"https:\/\/schema.org\",\"@graph\":[{\"@type\":\"WebPage\",\"@id\":\"https:\/\/www.unlz.edu.ar\/?page_id=2264\",\"url\":\"https:\/\/www.unlz.edu.ar\/?page_id=2264\",\"name\":\"C\u00f3mo llegar Universidad de Lomas de Zamora | UNLZ\",\"isPartOf\":{\"@id\":\"https:\/\/www.unlz.edu.ar\/#website\"},\"primaryImageOfPage\":{\"@id\":\"https:\/\/www.unlz.edu.ar\/?page_id=2264#primaryimage\"},\"image\":{\"@id\":\"https:\/\/www.unlz.edu.ar\/?page_id=2264#primaryimage\"},\"thumbnailUrl\":\"https:\/\/www.unlz.edu.ar\/wp-content\/uploads\/2019\/09\/Campusunlz.jpg\",\"datePublished\":\"2019-09-24T22:58:34+00:00\",\"dateModified\":\"2019-11-13T21:19:24+00:00\",\"description\":\"Camino de Cintura y Juan XXIII, Lomas de Zamora, Buenos Aires, Argentina. Google maps, l\u00edneas de Colectivo, servicio de Charter de Minib\u00fas. C\u00f3mo llegar UNLZ\",\"breadcrumb\":{\"@id\":\"https:\/\/www.unlz.edu.ar\/?page_id=2264#breadcrumb\"},\"inLanguage\":\"es\",\"potentialAction\":[{\"@type\":\"ReadAction\",\"target\":[\"https:\/\/www.unlz.edu.ar\/?page_id=2264\"]}]},{\"@type\":\"ImageObject\",\"inLanguage\":\"es\",\"@id\":\"https:\/\/www.unlz.edu.ar\/?page_id=2264#primaryimage\",\"url\":\"https:\/\/www.unlz.edu.ar\/wp-content\/uploads\/2019\/09\/Campusunlz.jpg\",\"contentUrl\":\"https:\/\/www.unlz.edu.ar\/wp-content\/uploads\/2019\/09\/Campusunlz.jpg\",\"width\":1920,\"height\":1025,\"caption\":\"Universidad Nacional de Lomas de Zamora\"},{\"@type\":\"BreadcrumbList\",\"@id\":\"https:\/\/www.unlz.edu.ar\/?page_id=2264#breadcrumb\",\"itemListElement\":[{\"@type\":\"ListItem\",\"position\":1,\"name\":\"Portada\",\"item\":\"https:\/\/www.unlz.edu.ar\/\"},{\"@type\":\"ListItem\",\"position\":2,\"name\":\"C\u00f3mo llegar\"}]},{\"@type\":\"WebSite\",\"@id\":\"https:\/\/www.unlz.edu.ar\/#website\",\"url\":\"https:\/\/www.unlz.edu.ar\/\",\"name\":\"UNLZ\",\"description\":\"Universidad Nacional de Lomas de Zamora\",\"publisher\":{\"@id\":\"https:\/\/www.unlz.edu.ar\/#organization\"},\"potentialAction\":[{\"@type\":\"SearchAction\",\"target\":{\"@type\":\"EntryPoint\",\"urlTemplate\":\"https:\/\/www.unlz.edu.ar\/?s={search_term_string}\"},\"query-input\":{\"@type\":\"PropertyValueSpecification\",\"valueRequired\":true,\"valueName\":\"search_term_string\"}}],\"inLanguage\":\"es\"},{\"@type\":\"Organization\",\"@id\":\"https:\/\/www.unlz.edu.ar\/#organization\",\"name\":\"Universidad Nacional de Lomas de Zamora\",\"url\":\"https:\/\/www.unlz.edu.ar\/\",\"logo\":{\"@type\":\"ImageObject\",\"inLanguage\":\"es\",\"@id\":\"https:\/\/www.unlz.edu.ar\/#\/schema\/logo\/image\/\",\"url\":\"https:\/\/www.unlz.edu.ar\/wp-content\/uploads\/2023\/12\/unlz-logo-png.png\",\"contentUrl\":\"https:\/\/www.unlz.edu.ar\/wp-content\/uploads\/2023\/12\/unlz-logo-png.png\",\"width\":115,\"height\":119,\"caption\":\"Universidad Nacional de Lomas de Zamora\"},\"image\":{\"@id\":\"https:\/\/www.unlz.edu.ar\/#\/schema\/logo\/image\/\"},\"sameAs\":[\"https:\/\/www.facebook.com\/UNLZoficial\/\",\"https:\/\/x.com\/UNLZoficial\",\"https:\/\/www.instagram.com\/unlzoficial\/\",\"https:\/\/www.youtube.com\/channel\/UChlG2EZhGAYgBiQdI3Zo5fw\",\"https:\/\/www.tiktok.com\/@unlzoficial\"]}]}<\/script>\n<!-- \/ Yoast SEO plugin. -->","yoast_head_json":{"title":"C\u00f3mo llegar Universidad de Lomas de Zamora | UNLZ","description":"Camino de Cintura y Juan XXIII, Lomas de Zamora, Buenos Aires, Argentina. Google maps, l\u00edneas de Colectivo, servicio de Charter de Minib\u00fas. C\u00f3mo llegar UNLZ","robots":{"index":"index","follow":"follow","max-snippet":"max-snippet:-1","max-image-preview":"max-image-preview:large","max-video-preview":"max-video-preview:-1"},"canonical":"https:\/\/www.unlz.edu.ar\/?page_id=2264","og_locale":"es_ES","og_type":"article","og_title":"C\u00f3mo llegar Universidad de Lomas de Zamora | UNLZ","og_description":"Camino de Cintura y Juan XXIII, Lomas de Zamora, Buenos Aires, Argentina. Google maps, l\u00edneas de Colectivo, servicio de Charter de Minib\u00fas. C\u00f3mo llegar UNLZ","og_url":"https:\/\/www.unlz.edu.ar\/?page_id=2264","og_site_name":"UNLZ","article_publisher":"https:\/\/www.facebook.com\/UNLZoficial\/","article_modified_time":"2019-11-13T21:19:24+00:00","og_image":[{"width":1920,"height":1025,"url":"https:\/\/www.unlz.edu.ar\/wp-content\/uploads\/2019\/09\/Campusunlz.jpg","type":"image\/jpeg"}],"twitter_card":"summary_large_image","twitter_site":"@UNLZoficial","twitter_misc":{"Tiempo de lectura":"3 minutos"},"schema":{"@context":"https:\/\/schema.org","@graph":[{"@type":"WebPage","@id":"https:\/\/www.unlz.edu.ar\/?page_id=2264","url":"https:\/\/www.unlz.edu.ar\/?page_id=2264","name":"C\u00f3mo llegar Universidad de Lomas de Zamora | UNLZ","isPartOf":{"@id":"https:\/\/www.unlz.edu.ar\/#website"},"primaryImageOfPage":{"@id":"https:\/\/www.unlz.edu.ar\/?page_id=2264#primaryimage"},"image":{"@id":"https:\/\/www.unlz.edu.ar\/?page_id=2264#primaryimage"},"thumbnailUrl":"https:\/\/www.unlz.edu.ar\/wp-content\/uploads\/2019\/09\/Campusunlz.jpg","datePublished":"2019-09-24T22:58:34+00:00","dateModified":"2019-11-13T21:19:24+00:00","description":"Camino de Cintura y Juan XXIII, Lomas de Zamora, Buenos Aires, Argentina. Google maps, l\u00edneas de Colectivo, servicio de Charter de Minib\u00fas. C\u00f3mo llegar UNLZ","breadcrumb":{"@id":"https:\/\/www.unlz.edu.ar\/?page_id=2264#breadcrumb"},"inLanguage":"es","potentialAction":[{"@type":"ReadAction","target":["https:\/\/www.unlz.edu.ar\/?page_id=2264"]}]},{"@type":"ImageObject","inLanguage":"es","@id":"https:\/\/www.unlz.edu.ar\/?page_id=2264#primaryimage","url":"https:\/\/www.unlz.edu.ar\/wp-content\/uploads\/2019\/09\/Campusunlz.jpg","contentUrl":"https:\/\/www.unlz.edu.ar\/wp-content\/uploads\/2019\/09\/Campusunlz.jpg","width":1920,"height":1025,"caption":"Universidad Nacional de Lomas de Zamora"},{"@type":"BreadcrumbList","@id":"https:\/\/www.unlz.edu.ar\/?page_id=2264#breadcrumb","itemListElement":[{"@type":"ListItem","position":1,"name":"Portada","item":"https:\/\/www.unlz.edu.ar\/"},{"@type":"ListItem","position":2,"name":"C\u00f3mo llegar"}]},{"@type":"WebSite","@id":"https:\/\/www.unlz.edu.ar\/#website","url":"https:\/\/www.unlz.edu.ar\/","name":"UNLZ","description":"Universidad Nacional de Lomas de Zamora","publisher":{"@id":"https:\/\/www.unlz.edu.ar\/#organization"},"potentialAction":[{"@type":"SearchAction","target":{"@type":"EntryPoint","urlTemplate":"https:\/\/www.unlz.edu.ar\/?s={search_term_string}"},"query-input":{"@type":"PropertyValueSpecification","valueRequired":true,"valueName":"search_term_string"}}],"inLanguage":"es"},{"@type":"Organization","@id":"https:\/\/www.unlz.edu.ar\/#organization","name":"Universidad Nacional de Lomas de Zamora","url":"https:\/\/www.unlz.edu.ar\/","logo":{"@type":"ImageObject","inLanguage":"es","@id":"https:\/\/www.unlz.edu.ar\/#\/schema\/logo\/image\/","url":"https:\/\/www.unlz.edu.ar\/wp-content\/uploads\/2023\/12\/unlz-logo-png.png","contentUrl":"https:\/\/www.unlz.edu.ar\/wp-content\/uploads\/2023\/12\/unlz-logo-png.png","width":115,"height":119,"caption":"Universidad Nacional de Lomas de Zamora"},"image":{"@id":"https:\/\/www.unlz.edu.ar\/#\/schema\/logo\/image\/"},"sameAs":["https:\/\/www.facebook.com\/UNLZoficial\/","https:\/\/x.com\/UNLZoficial","https:\/\/www.instagram.com\/unlzoficial\/","https:\/\/www.youtube.com\/channel\/UChlG2EZhGAYgBiQdI3Zo5fw","https:\/\/www.tiktok.com\/@unlzoficial"]}]}},"_links":{"self":[{"href":"https:\/\/www.unlz.edu.ar\/index.php?rest_route=\/wp\/v2\/pages\/2264","targetHints":{"allow":["GET"]}}],"collection":[{"href":"https:\/\/www.unlz.edu.ar\/index.php?rest_route=\/wp\/v2\/pages"}],"about":[{"href":"https:\/\/www.unlz.edu.ar\/index.php?rest_route=\/wp\/v2\/types\/page"}],"author":[{"embeddable":true,"href":"https:\/\/www.unlz.edu.ar\/index.php?rest_route=\/wp\/v2\/users\/1"}],"replies":[{"embeddable":true,"href":"https:\/\/www.unlz.edu.ar\/index.php?rest_route=%2Fwp%2Fv2%2Fcomments&post=2264"}],"version-history":[{"count":33,"href":"https:\/\/www.unlz.edu.ar\/index.php?rest_route=\/wp\/v2\/pages\/2264\/revisions"}],"predecessor-version":[{"id":4230,"href":"https:\/\/www.unlz.edu.ar\/index.php?rest_route=\/wp\/v2\/pages\/2264\/revisions\/4230"}],"wp:featuredmedia":[{"embeddable":true,"href":"https:\/\/www.unlz.edu.ar\/index.php?rest_route=\/wp\/v2\/media\/2023"}],"wp:attachment":[{"href":"https:\/\/www.unlz.edu.ar\/index.php?rest_route=%2Fwp%2Fv2%2Fmedia&parent=2264"}],"curies":[{"name":"wp","href":"https:\/\/api.w.org\/{rel}","templated":true}]}}