{"id":2427,"date":"2019-09-27T16:41:08","date_gmt":"2019-09-27T19:41:08","guid":{"rendered":"http:\/\/170.210.104.16\/?page_id=2427"},"modified":"2022-05-12T13:14:28","modified_gmt":"2022-05-12T16:14:28","slug":"oferta-de-posgrado","status":"publish","type":"page","link":"https:\/\/www.unlz.edu.ar\/?page_id=2427","title":{"rendered":"Oferta de Posgrado"},"content":{"rendered":"<p>[vc_row full_width=\u00bbstretch_row\u00bb css=\u00bb.vc_custom_1572375947328{background-image: url(https:\/\/www.unlz.edu.ar\/wp-content\/uploads\/2019\/10\/oferta-de-posgrado.jpg?id=2916) !important;background-position: center !important;background-repeat: no-repeat !important;background-size: cover !important;}\u00bb][vc_column][la_divider height=\u00bbxlg:350px;lg:250px;md:200px;sm:160px;\u00bb][la_heading spacer=\u00bbline\u00bb spacer_position=\u00bbmiddle\u00bb line_height=\u00bb3&#8243; title=\u00bbOferta de Posgrado\u00bb line_width=\u00bblg:60px;\u00bb line_color=\u00bb#ffffff\u00bb title_fz=\u00bblg:90px;md:60px;sm:40px;xs:36px;\u00bb title_color=\u00bb#ffffff\u00bb subtitle_fz=\u00bblg:15px;md:14px;\u00bb subtitle_color=\u00bb#ffffff\u00bb line_class=\u00bbmargin-top-30 margin-bottom-30&#8243;]CINCO FACULTADES, UNA UNIVERSIDAD[\/la_heading][la_divider height=\u00bbxlg:300px;lg:200px;xs:100px;\u00bb][\/vc_column][\/vc_row][vc_row full_width=\u00bbstretch_row_content_no_spaces\u00bb css=\u00bb.vc_custom_1569553472909{background-color: #f7f7f7 !important;}\u00bb][vc_column css=\u00bb.vc_custom_1569553289765{background-color: #f7f7f7 !important;}\u00bb][la_divider height=\u00bblg:80px;\u00bb][\/vc_column][\/vc_row][vc_row full_width=\u00bbstretch_row_content\u00bb equal_height=\u00bbyes\u00bb content_placement=\u00bbmiddle\u00bb el_id=\u00bbrow_1&#8243; css=\u00bb.vc_custom_1570658927442{background-color: #f7f7f7 !important;}\u00bb el_class=\u00bbcolumna-blog\u00bb][vc_column css_animation=\u00bbfadeInLeft\u00bb width=\u00bb1\/2&#8243; css=\u00bb.vc_custom_1615912836087{background-image: url(https:\/\/www.unlz.edu.ar\/wp-content\/uploads\/2019\/09\/agrarias-grado.jpg?id=2364) !important;background-position: center !important;background-repeat: no-repeat !important;background-size: cover !important;border-radius: 10px !important;}\u00bb][la_divider height=\u00bbxlg:600px;lg:500px;mb:250px;\u00bb][\/vc_column][vc_column width=\u00bb1\/2&#8243; el_class=\u00bblast-column\u00bb][la_heading alignment=\u00bbleft\u00bb title_fz=\u00bblg:40px;\u00bb subtitle_class=\u00bbpadding-top-10&#8243;]\n<h2><a href=\"http:\/\/agrarias.unlz.edu.ar\/web18\/\">Facultad de<br \/>\nCiencias Agrarias<\/a><\/h2>\n<p><strong><br \/>\n<i class=\"fa fa-envelope \" ><\/i>\u00a0 \u00a0secretariapostgrado@agrarias.unlz.edu.ar<\/strong><\/p>\n<ul>\n<li>Doctorado en Ciencias Agrarias<\/li>\n<li>Maestr\u00eda en Floricultura<\/li>\n<li>Maestr\u00eda en Zootecnia<\/li>\n<li>Maestr\u00eda en Producci\u00f3n e Industrializaci\u00f3n<br \/>\nde Cereales y Oleaginosas *<br \/>\n<em>* Dictada en conjunto con la Facultad de Ingenier\u00eda<\/em><\/li>\n<\/ul>\n<p>[\/la_heading][la_divider height=\u00bblg:20px;\u00bb][la_btn title=\u00bbVER M\u00c1S\u00bb shape=\u00bbround\u00bb color=\u00bbwhite\u00bb align=\u00bbleft\u00bb link=\u00bburl:http%3A%2F%2Fagrarias.unlz.edu.ar%2Fweb18%2F||target:%20_blank|\u00bb el_class=\u00bbbtn-shadow\u00bb][la_divider height=\u00bblg:50px;\u00bb][\/vc_column][\/vc_row][vc_row full_width=\u00bbstretch_row_content_no_spaces\u00bb css=\u00bb.vc_custom_1569553488567{background-color: #f7f7f7 !important;}\u00bb][vc_column][la_divider height=\u00bblg:25px;\u00bb][\/vc_column][\/vc_row][vc_row full_width=\u00bbstretch_row_content\u00bb equal_height=\u00bbyes\u00bb content_placement=\u00bbmiddle\u00bb el_id=\u00bbrow_2&#8243; css=\u00bb.vc_custom_1570658932562{background-color: #f7f7f7 !important;}\u00bb el_class=\u00bbcolumna-blog\u00bb][vc_column css_animation=\u00bbfadeInRight\u00bb width=\u00bb1\/2&#8243; css=\u00bb.vc_custom_1615912889086{background: #f7f7f7 url(https:\/\/www.unlz.edu.ar\/wp-content\/uploads\/2019\/09\/economicas-grado.jpg?id=2366) !important;background-position: center !important;background-repeat: no-repeat !important;background-size: cover !important;border-radius: 10px !important;}\u00bb el_class=\u00bbvc_col-sm-push-6&#8243;][la_divider height=\u00bbxlg:600px;lg:500px;mb:250px;\u00bb][\/vc_column][vc_column width=\u00bb1\/2&#8243; el_class=\u00bbvc_col-sm-pull-6 last-column\u00bb][la_heading alignment=\u00bbleft\u00bb title_fz=\u00bblg:40px;\u00bb subtitle_class=\u00bbpadding-top-10&#8243;]\n<h2><a href=\"http:\/\/www.economicas.unlz.edu.ar\/\">Facultad de<br \/>\nCiencias Econ\u00f3micas<\/a><\/h2>\n<p><strong><br \/>\n<i class=\"fa fa-envelope \" ><\/i><\/strong><strong>\u00a0 posgrado@economicaslomas.org.ar<\/strong><\/p>\n<ul>\n<li>Maestr\u00eda en Contabilidad Superior y Auditor\u00eda<\/li>\n<li>Maestr\u00eda en Tributaci\u00f3n<\/li>\n<li>Maestr\u00eda en Administraci\u00f3n Aplicada<\/li>\n<li>Especializaci\u00f3n en Sindicatura Concursal<\/li>\n<li>Especializaci\u00f3n en Costos para la Gesti\u00f3n Empresarial<\/li>\n<\/ul>\n<p>[\/la_heading][la_divider height=\u00bblg:20px;\u00bb][la_btn title=\u00bbVER M\u00c1S\u00bb shape=\u00bbround\u00bb color=\u00bbwhite\u00bb align=\u00bbleft\u00bb link=\u00bburl:http%3A%2F%2Fwww.economicas.unlz.edu.ar%2F||target:%20_blank|\u00bb el_class=\u00bbbtn-shadow\u00bb][la_divider height=\u00bblg:50px;\u00bb][\/vc_column][\/vc_row][vc_row full_width=\u00bbstretch_row_content_no_spaces\u00bb css=\u00bb.vc_custom_1569611381311{background-color: #f7f7f7 !important;}\u00bb][vc_column][la_divider height=\u00bblg:25px;\u00bb][\/vc_column][\/vc_row][vc_row full_width=\u00bbstretch_row_content\u00bb equal_height=\u00bbyes\u00bb content_placement=\u00bbmiddle\u00bb el_id=\u00bbrow_1&#8243; css=\u00bb.vc_custom_1570658943001{background-color: #f7f7f7 !important;}\u00bb el_class=\u00bbcolumna-blog\u00bb][vc_column css_animation=\u00bbfadeInLeft\u00bb width=\u00bb1\/2&#8243; css=\u00bb.vc_custom_1572471025169{background-image: url(https:\/\/www.unlz.edu.ar\/wp-content\/uploads\/2019\/10\/sociales-grado-nueva.jpg?id=4102) !important;background-position: center !important;background-repeat: no-repeat !important;background-size: cover !important;border-radius: 10px !important;}\u00bb][la_divider height=\u00bbxlg:600px;lg:500px;mb:250px;\u00bb][\/vc_column][vc_column width=\u00bb1\/2&#8243; el_class=\u00bblast-column\u00bb css=\u00bb.vc_custom_1569554400259{background-color: #f7f7f7 !important;}\u00bb][la_heading alignment=\u00bbleft\u00bb title_fz=\u00bblg:40px;\u00bb subtitle_class=\u00bbpadding-top-10&#8243;]\n<h2><a href=\"https:\/\/www.sociales.unlz.edu.ar\/\">Facultad de<br \/>\nCiencias Sociales<\/a><\/h2>\n<p><strong><br \/>\n<i class=\"fa fa-envelope \" ><\/i>\u00a0 \u00a0posgrado@sociales.unlz.edu.ar<\/strong><\/p>\n<ul>\n<li>Especializaci\u00f3n en Docencia para la Educaci\u00f3n Superior<\/li>\n<li>Especializaci\u00f3n en Gesti\u00f3n de las Comunicaciones<\/li>\n<li>Especializaci\u00f3n en Did\u00e1ctica y Curr\u00edculum<\/li>\n<li>Maestr\u00eda en Curr\u00edculum<\/li>\n<li>Maestr\u00eda en Comunicaci\u00f3n<\/li>\n<\/ul>\n<p>[\/la_heading][la_divider height=\u00bblg:20px;\u00bb][la_btn title=\u00bbVER M\u00c1S\u00bb shape=\u00bbround\u00bb color=\u00bbwhite\u00bb align=\u00bbleft\u00bb link=\u00bburl:https%3A%2F%2Fwww.sociales.unlz.edu.ar%2F||target:%20_blank|\u00bb el_class=\u00bbbtn-shadow\u00bb][la_divider height=\u00bblg:50px;\u00bb][\/vc_column][\/vc_row][vc_row full_width=\u00bbstretch_row_content_no_spaces\u00bb css=\u00bb.vc_custom_1569554445453{background-color: #f7f7f7 !important;}\u00bb][vc_column][la_divider height=\u00bblg:25px;\u00bb][\/vc_column][\/vc_row][vc_row full_width=\u00bbstretch_row_content\u00bb equal_height=\u00bbyes\u00bb content_placement=\u00bbmiddle\u00bb el_id=\u00bbrow_2&#8243; css=\u00bb.vc_custom_1570658960604{background-color: #f7f7f7 !important;}\u00bb el_class=\u00bbcolumna-blog\u00bb][vc_column css_animation=\u00bbfadeInRight\u00bb width=\u00bb1\/2&#8243; css=\u00bb.vc_custom_1615913022455{background: #f7f7f7 url(https:\/\/www.unlz.edu.ar\/wp-content\/uploads\/2019\/09\/derecho-grado.jpg?id=2365) !important;background-position: center !important;background-repeat: no-repeat !important;background-size: cover !important;border-radius: 10px !important;}\u00bb el_class=\u00bbvc_col-sm-push-6&#8243;][la_divider height=\u00bbxlg:600px;lg:500px;mb:250px;\u00bb][\/vc_column][vc_column width=\u00bb1\/2&#8243; el_class=\u00bbvc_col-sm-pull-6 last-column\u00bb][la_heading alignment=\u00bbleft\u00bb title_fz=\u00bblg:40px;\u00bb subtitle_class=\u00bbpadding-top-10&#8243;]\n<h2><a href=\"https:\/\/www.derecho.unlz.edu.ar\/web2017\/\">Facultad<br \/>\nde Derecho<\/a><\/h2>\n<p><strong><br \/>\n<i class=\"fa fa-envelope \" ><\/i>\u00a0 \u00a0 sec.posgrado@derecho.unlz.edu.ar<\/strong><\/p>\n<ul>\n<li>Doctorado en Derecho<\/li>\n<li>Maestr\u00eda en Criminolog\u00eda<\/li>\n<li>Maestr\u00eda en Sistema de Resoluci\u00f3n de Conflictos<\/li>\n<li>Maestr\u00eda en Derechos Humanos<\/li>\n<li>Maestr\u00eda en Derecho Procesal Constitucional<\/li>\n<li>Especializaci\u00f3n en Derecho de Familia y Sucesorio<\/li>\n<li>Especializaci\u00f3n en Medios Alternativos de<br \/>\nResoluci\u00f3n de Conflictos<\/li>\n<li>Especializaci\u00f3n en Procedimiento Tributario \u2013<br \/>\nPrevisional \u2013 Penal Tributario<\/li>\n<li>Especializaci\u00f3n en Derecho Laboral<\/li>\n<li>Especializaci\u00f3n en Derecho Penal y Criminolog\u00eda<\/li>\n<li>Especializaci\u00f3n en Derecho de Da\u00f1os<\/li>\n<li>Especializaci\u00f3n en Administraci\u00f3n de Justicia<\/li>\n<li>Especializaci\u00f3n en Derecho Procesal<\/li>\n<\/ul>\n<p>[\/la_heading][la_divider height=\u00bblg:20px;\u00bb][la_btn title=\u00bbVER M\u00c1S\u00bb shape=\u00bbround\u00bb color=\u00bbwhite\u00bb align=\u00bbleft\u00bb link=\u00bburl:https%3A%2F%2Fwww.derecho.unlz.edu.ar%2Fweb2017%2F||target:%20_blank|\u00bb el_class=\u00bbbtn-shadow\u00bb][la_divider height=\u00bblg:50px;\u00bb][\/vc_column][\/vc_row][vc_row full_width=\u00bbstretch_row_content_no_spaces\u00bb css=\u00bb.vc_custom_1569554445453{background-color: #f7f7f7 !important;}\u00bb][vc_column][la_divider height=\u00bblg:25px;\u00bb][\/vc_column][\/vc_row][vc_row full_width=\u00bbstretch_row_content\u00bb equal_height=\u00bbyes\u00bb content_placement=\u00bbmiddle\u00bb el_id=\u00bbrow_1&#8243; css=\u00bb.vc_custom_1570658971186{background-color: #f7f7f7 !important;}\u00bb el_class=\u00bbcolumna-blog\u00bb][vc_column css_animation=\u00bbfadeInLeft\u00bb width=\u00bb1\/2&#8243; css=\u00bb.vc_custom_1615913039382{background-image: url(https:\/\/www.unlz.edu.ar\/wp-content\/uploads\/2019\/09\/ingenieria-grado.jpg?id=2367) !important;background-position: center !important;background-repeat: no-repeat !important;background-size: cover !important;border-radius: 10px !important;}\u00bb][la_divider height=\u00bbxlg:600px;lg:500px;mb:250px;\u00bb][\/vc_column][vc_column width=\u00bb1\/2&#8243; el_class=\u00bblast-column\u00bb css=\u00bb.vc_custom_1569554400259{background-color: #f7f7f7 !important;}\u00bb][la_heading alignment=\u00bbleft\u00bb title_fz=\u00bblg:40px;\u00bb subtitle_class=\u00bbpadding-top-10&#8243;]\n<h2><a href=\"http:\/\/www.ingenieria.unlz.edu.ar\/ingenieria\/\">Facultad<br \/>\nde Ingenier\u00eda<\/a><\/h2>\n<p><strong><br \/>\n<i class=\"fa fa-envelope \" ><\/i>\u00a0 secplaneamiento.fiulnz@gmail.com<\/strong><\/p>\n<ul>\n<li>Doctorado en Ingenier\u00eda<\/li>\n<li>Maestr\u00eda en Sistemas Integrados de Gesti\u00f3n<\/li>\n<li>Maestr\u00eda en Producci\u00f3n e Industrializaci\u00f3n de Cereales y Oleaginosas<\/li>\n<li>Especializaci\u00f3n en Gesti\u00f3n Tecnol\u00f3gica<\/li>\n<li>Especializaci\u00f3n en Ingenier\u00eda Ambiental<\/li>\n<\/ul>\n<p>[\/la_heading][la_divider height=\u00bblg:20px;\u00bb][la_btn title=\u00bbVER M\u00c1S\u00bb shape=\u00bbround\u00bb color=\u00bbwhite\u00bb align=\u00bbleft\u00bb link=\u00bburl:http%3A%2F%2Fwww.ingenieria.unlz.edu.ar%2Fingenieria%2F||target:%20_blank|\u00bb el_class=\u00bbbtn-shadow\u00bb][la_divider height=\u00bblg:50px;\u00bb][\/vc_column][\/vc_row][vc_row full_width=\u00bbstretch_row_content_no_spaces\u00bb css=\u00bb.vc_custom_1569554445453{background-color: #f7f7f7 !important;}\u00bb][vc_column][la_divider height=\u00bblg:100px;\u00bb][\/vc_column][\/vc_row]<\/p>\n","protected":false},"excerpt":{"rendered":"<p>[vc_row full_width=\u00bbstretch_row\u00bb css=\u00bb.vc_custom_1572375947328{background-image: url(https:\/\/www.unlz.edu.ar\/wp-content\/uploads\/2019\/10\/oferta-de-posgrado.jpg?id=2916) !important;background-position: center !important;background-repeat: no-repeat !important;background-size: cover !important;}\u00bb][vc_column][la_divider height=\u00bbxlg:350px;lg:250px;md:200px;sm:160px;\u00bb][la_heading spacer=\u00bbline\u00bb spacer_position=\u00bbmiddle\u00bb line_height=\u00bb3&#8243; title=\u00bbOferta de Posgrado\u00bb line_width=\u00bblg:60px;\u00bb line_color=\u00bb#ffffff\u00bb title_fz=\u00bblg:90px;md:60px;sm:40px;xs:36px;\u00bb title_color=\u00bb#ffffff\u00bb subtitle_fz=\u00bblg:15px;md:14px;\u00bb subtitle_color=\u00bb#ffffff\u00bb line_class=\u00bbmargin-top-30 margin-bottom-30&#8243;]CINCO FACULTADES, UNA UNIVERSIDAD[\/la_heading][la_divider height=\u00bbxlg:300px;lg:200px;xs:100px;\u00bb][\/vc_column][\/vc_row][vc_row full_width=\u00bbstretch_row_content_no_spaces\u00bb css=\u00bb.vc_custom_1569553472909{background-color: #f7f7f7 !important;}\u00bb][vc_column css=\u00bb.vc_custom_1569553289765{background-color: #f7f7f7 !important;}\u00bb][la_divider height=\u00bblg:80px;\u00bb][\/vc_column][\/vc_row][vc_row full_width=\u00bbstretch_row_content\u00bb equal_height=\u00bbyes\u00bb content_placement=\u00bbmiddle\u00bb el_id=\u00bbrow_1&#8243; css=\u00bb.vc_custom_1570658927442{background-color: #f7f7f7 !important;}\u00bb el_class=\u00bbcolumna-blog\u00bb][vc_column css_animation=\u00bbfadeInLeft\u00bb width=\u00bb1\/2&#8243; css=\u00bb.vc_custom_1615912836087{background-image: url(https:\/\/www.unlz.edu.ar\/wp-content\/uploads\/2019\/09\/agrarias-grado.jpg?id=2364) !important;background-position: center !important;background-repeat: no-repeat !important;background-size: cover !important;border-radius: 10px !important;}\u00bb][la_divider height=\u00bbxlg:600px;lg:500px;mb:250px;\u00bb][\/vc_column][vc_column&hellip;<\/p>\n","protected":false},"author":1,"featured_media":0,"parent":0,"menu_order":0,"comment_status":"closed","ping_status":"closed","template":"","meta":{"footnotes":""},"class_list":["post-2427","page","type-page","status-publish","hentry"],"yoast_head":"<!-- This site is optimized with the Yoast SEO plugin v26.0 - https:\/\/yoast.com\/wordpress\/plugins\/seo\/ -->\n<title>Oferta de Posgrado | UNLZ<\/title>\n<meta name=\"robots\" content=\"index, follow, max-snippet:-1, max-image-preview:large, max-video-preview:-1\" \/>\n<link rel=\"canonical\" href=\"https:\/\/www.unlz.edu.ar\/?page_id=2427\" \/>\n<meta property=\"og:locale\" content=\"es_ES\" \/>\n<meta property=\"og:type\" content=\"article\" \/>\n<meta property=\"og:title\" content=\"Oferta de Posgrado | UNLZ\" \/>\n<meta property=\"og:description\" content=\"[vc_row full_width=\u00bbstretch_row\u00bb css=\u00bb.vc_custom_1572375947328{background-image: url(https:\/\/www.unlz.edu.ar\/wp-content\/uploads\/2019\/10\/oferta-de-posgrado.jpg?id=2916) !important;background-position: center !important;background-repeat: no-repeat !important;background-size: cover !important;}\u00bb][vc_column][la_divider height=\u00bbxlg:350px;lg:250px;md:200px;sm:160px;\u00bb][la_heading spacer=\u00bbline\u00bb spacer_position=\u00bbmiddle\u00bb line_height=\u00bb3&#8243; title=\u00bbOferta de Posgrado\u00bb line_width=\u00bblg:60px;\u00bb line_color=\u00bb#ffffff\u00bb title_fz=\u00bblg:90px;md:60px;sm:40px;xs:36px;\u00bb title_color=\u00bb#ffffff\u00bb subtitle_fz=\u00bblg:15px;md:14px;\u00bb subtitle_color=\u00bb#ffffff\u00bb line_class=\u00bbmargin-top-30 margin-bottom-30&#8243;]CINCO FACULTADES, UNA UNIVERSIDAD[\/la_heading][la_divider height=\u00bbxlg:300px;lg:200px;xs:100px;\u00bb][\/vc_column][\/vc_row][vc_row full_width=\u00bbstretch_row_content_no_spaces\u00bb css=\u00bb.vc_custom_1569553472909{background-color: #f7f7f7 !important;}\u00bb][vc_column css=\u00bb.vc_custom_1569553289765{background-color: #f7f7f7 !important;}\u00bb][la_divider height=\u00bblg:80px;\u00bb][\/vc_column][\/vc_row][vc_row full_width=\u00bbstretch_row_content\u00bb equal_height=\u00bbyes\u00bb content_placement=\u00bbmiddle\u00bb el_id=\u00bbrow_1&#8243; css=\u00bb.vc_custom_1570658927442{background-color: #f7f7f7 !important;}\u00bb el_class=\u00bbcolumna-blog\u00bb][vc_column css_animation=\u00bbfadeInLeft\u00bb width=\u00bb1\/2&#8243; css=\u00bb.vc_custom_1615912836087{background-image: url(https:\/\/www.unlz.edu.ar\/wp-content\/uploads\/2019\/09\/agrarias-grado.jpg?id=2364) !important;background-position: center !important;background-repeat: no-repeat !important;background-size: cover !important;border-radius: 10px !important;}\u00bb][la_divider height=\u00bbxlg:600px;lg:500px;mb:250px;\u00bb][\/vc_column][vc_column&hellip;\" \/>\n<meta property=\"og:url\" content=\"https:\/\/www.unlz.edu.ar\/?page_id=2427\" \/>\n<meta property=\"og:site_name\" content=\"UNLZ\" \/>\n<meta property=\"article:publisher\" content=\"https:\/\/www.facebook.com\/UNLZoficial\/\" \/>\n<meta property=\"article:modified_time\" content=\"2022-05-12T16:14:28+00:00\" \/>\n<meta name=\"twitter:card\" content=\"summary_large_image\" \/>\n<meta name=\"twitter:site\" content=\"@UNLZoficial\" \/>\n<meta name=\"twitter:label1\" content=\"Tiempo de lectura\" \/>\n\t<meta name=\"twitter:data1\" content=\"3 minutos\" \/>\n<script type=\"application\/ld+json\" class=\"yoast-schema-graph\">{\"@context\":\"https:\/\/schema.org\",\"@graph\":[{\"@type\":\"WebPage\",\"@id\":\"https:\/\/www.unlz.edu.ar\/?page_id=2427\",\"url\":\"https:\/\/www.unlz.edu.ar\/?page_id=2427\",\"name\":\"Oferta de Posgrado | UNLZ\",\"isPartOf\":{\"@id\":\"https:\/\/www.unlz.edu.ar\/#website\"},\"datePublished\":\"2019-09-27T19:41:08+00:00\",\"dateModified\":\"2022-05-12T16:14:28+00:00\",\"breadcrumb\":{\"@id\":\"https:\/\/www.unlz.edu.ar\/?page_id=2427#breadcrumb\"},\"inLanguage\":\"es\",\"potentialAction\":[{\"@type\":\"ReadAction\",\"target\":[\"https:\/\/www.unlz.edu.ar\/?page_id=2427\"]}]},{\"@type\":\"BreadcrumbList\",\"@id\":\"https:\/\/www.unlz.edu.ar\/?page_id=2427#breadcrumb\",\"itemListElement\":[{\"@type\":\"ListItem\",\"position\":1,\"name\":\"Portada\",\"item\":\"https:\/\/www.unlz.edu.ar\/\"},{\"@type\":\"ListItem\",\"position\":2,\"name\":\"Oferta de Posgrado\"}]},{\"@type\":\"WebSite\",\"@id\":\"https:\/\/www.unlz.edu.ar\/#website\",\"url\":\"https:\/\/www.unlz.edu.ar\/\",\"name\":\"UNLZ\",\"description\":\"Universidad Nacional de Lomas de Zamora\",\"publisher\":{\"@id\":\"https:\/\/www.unlz.edu.ar\/#organization\"},\"potentialAction\":[{\"@type\":\"SearchAction\",\"target\":{\"@type\":\"EntryPoint\",\"urlTemplate\":\"https:\/\/www.unlz.edu.ar\/?s={search_term_string}\"},\"query-input\":{\"@type\":\"PropertyValueSpecification\",\"valueRequired\":true,\"valueName\":\"search_term_string\"}}],\"inLanguage\":\"es\"},{\"@type\":\"Organization\",\"@id\":\"https:\/\/www.unlz.edu.ar\/#organization\",\"name\":\"Universidad Nacional de Lomas de Zamora\",\"url\":\"https:\/\/www.unlz.edu.ar\/\",\"logo\":{\"@type\":\"ImageObject\",\"inLanguage\":\"es\",\"@id\":\"https:\/\/www.unlz.edu.ar\/#\/schema\/logo\/image\/\",\"url\":\"https:\/\/www.unlz.edu.ar\/wp-content\/uploads\/2023\/12\/unlz-logo-png.png\",\"contentUrl\":\"https:\/\/www.unlz.edu.ar\/wp-content\/uploads\/2023\/12\/unlz-logo-png.png\",\"width\":115,\"height\":119,\"caption\":\"Universidad Nacional de Lomas de Zamora\"},\"image\":{\"@id\":\"https:\/\/www.unlz.edu.ar\/#\/schema\/logo\/image\/\"},\"sameAs\":[\"https:\/\/www.facebook.com\/UNLZoficial\/\",\"https:\/\/x.com\/UNLZoficial\",\"https:\/\/www.instagram.com\/unlzoficial\/\",\"https:\/\/www.youtube.com\/channel\/UChlG2EZhGAYgBiQdI3Zo5fw\",\"https:\/\/www.tiktok.com\/@unlzoficial\"]}]}<\/script>\n<!-- \/ Yoast SEO plugin. -->","yoast_head_json":{"title":"Oferta de Posgrado | UNLZ","robots":{"index":"index","follow":"follow","max-snippet":"max-snippet:-1","max-image-preview":"max-image-preview:large","max-video-preview":"max-video-preview:-1"},"canonical":"https:\/\/www.unlz.edu.ar\/?page_id=2427","og_locale":"es_ES","og_type":"article","og_title":"Oferta de Posgrado | UNLZ","og_description":"[vc_row full_width=\u00bbstretch_row\u00bb css=\u00bb.vc_custom_1572375947328{background-image: url(https:\/\/www.unlz.edu.ar\/wp-content\/uploads\/2019\/10\/oferta-de-posgrado.jpg?id=2916) !important;background-position: center !important;background-repeat: no-repeat !important;background-size: cover !important;}\u00bb][vc_column][la_divider height=\u00bbxlg:350px;lg:250px;md:200px;sm:160px;\u00bb][la_heading spacer=\u00bbline\u00bb spacer_position=\u00bbmiddle\u00bb line_height=\u00bb3&#8243; title=\u00bbOferta de Posgrado\u00bb line_width=\u00bblg:60px;\u00bb line_color=\u00bb#ffffff\u00bb title_fz=\u00bblg:90px;md:60px;sm:40px;xs:36px;\u00bb title_color=\u00bb#ffffff\u00bb subtitle_fz=\u00bblg:15px;md:14px;\u00bb subtitle_color=\u00bb#ffffff\u00bb line_class=\u00bbmargin-top-30 margin-bottom-30&#8243;]CINCO FACULTADES, UNA UNIVERSIDAD[\/la_heading][la_divider height=\u00bbxlg:300px;lg:200px;xs:100px;\u00bb][\/vc_column][\/vc_row][vc_row full_width=\u00bbstretch_row_content_no_spaces\u00bb css=\u00bb.vc_custom_1569553472909{background-color: #f7f7f7 !important;}\u00bb][vc_column css=\u00bb.vc_custom_1569553289765{background-color: #f7f7f7 !important;}\u00bb][la_divider height=\u00bblg:80px;\u00bb][\/vc_column][\/vc_row][vc_row full_width=\u00bbstretch_row_content\u00bb equal_height=\u00bbyes\u00bb content_placement=\u00bbmiddle\u00bb el_id=\u00bbrow_1&#8243; css=\u00bb.vc_custom_1570658927442{background-color: #f7f7f7 !important;}\u00bb el_class=\u00bbcolumna-blog\u00bb][vc_column css_animation=\u00bbfadeInLeft\u00bb width=\u00bb1\/2&#8243; css=\u00bb.vc_custom_1615912836087{background-image: url(https:\/\/www.unlz.edu.ar\/wp-content\/uploads\/2019\/09\/agrarias-grado.jpg?id=2364) !important;background-position: center !important;background-repeat: no-repeat !important;background-size: cover !important;border-radius: 10px !important;}\u00bb][la_divider height=\u00bbxlg:600px;lg:500px;mb:250px;\u00bb][\/vc_column][vc_column&hellip;","og_url":"https:\/\/www.unlz.edu.ar\/?page_id=2427","og_site_name":"UNLZ","article_publisher":"https:\/\/www.facebook.com\/UNLZoficial\/","article_modified_time":"2022-05-12T16:14:28+00:00","twitter_card":"summary_large_image","twitter_site":"@UNLZoficial","twitter_misc":{"Tiempo de lectura":"3 minutos"},"schema":{"@context":"https:\/\/schema.org","@graph":[{"@type":"WebPage","@id":"https:\/\/www.unlz.edu.ar\/?page_id=2427","url":"https:\/\/www.unlz.edu.ar\/?page_id=2427","name":"Oferta de Posgrado | UNLZ","isPartOf":{"@id":"https:\/\/www.unlz.edu.ar\/#website"},"datePublished":"2019-09-27T19:41:08+00:00","dateModified":"2022-05-12T16:14:28+00:00","breadcrumb":{"@id":"https:\/\/www.unlz.edu.ar\/?page_id=2427#breadcrumb"},"inLanguage":"es","potentialAction":[{"@type":"ReadAction","target":["https:\/\/www.unlz.edu.ar\/?page_id=2427"]}]},{"@type":"BreadcrumbList","@id":"https:\/\/www.unlz.edu.ar\/?page_id=2427#breadcrumb","itemListElement":[{"@type":"ListItem","position":1,"name":"Portada","item":"https:\/\/www.unlz.edu.ar\/"},{"@type":"ListItem","position":2,"name":"Oferta de Posgrado"}]},{"@type":"WebSite","@id":"https:\/\/www.unlz.edu.ar\/#website","url":"https:\/\/www.unlz.edu.ar\/","name":"UNLZ","description":"Universidad Nacional de Lomas de Zamora","publisher":{"@id":"https:\/\/www.unlz.edu.ar\/#organization"},"potentialAction":[{"@type":"SearchAction","target":{"@type":"EntryPoint","urlTemplate":"https:\/\/www.unlz.edu.ar\/?s={search_term_string}"},"query-input":{"@type":"PropertyValueSpecification","valueRequired":true,"valueName":"search_term_string"}}],"inLanguage":"es"},{"@type":"Organization","@id":"https:\/\/www.unlz.edu.ar\/#organization","name":"Universidad Nacional de Lomas de Zamora","url":"https:\/\/www.unlz.edu.ar\/","logo":{"@type":"ImageObject","inLanguage":"es","@id":"https:\/\/www.unlz.edu.ar\/#\/schema\/logo\/image\/","url":"https:\/\/www.unlz.edu.ar\/wp-content\/uploads\/2023\/12\/unlz-logo-png.png","contentUrl":"https:\/\/www.unlz.edu.ar\/wp-content\/uploads\/2023\/12\/unlz-logo-png.png","width":115,"height":119,"caption":"Universidad Nacional de Lomas de Zamora"},"image":{"@id":"https:\/\/www.unlz.edu.ar\/#\/schema\/logo\/image\/"},"sameAs":["https:\/\/www.facebook.com\/UNLZoficial\/","https:\/\/x.com\/UNLZoficial","https:\/\/www.instagram.com\/unlzoficial\/","https:\/\/www.youtube.com\/channel\/UChlG2EZhGAYgBiQdI3Zo5fw","https:\/\/www.tiktok.com\/@unlzoficial"]}]}},"_links":{"self":[{"href":"https:\/\/www.unlz.edu.ar\/index.php?rest_route=\/wp\/v2\/pages\/2427","targetHints":{"allow":["GET"]}}],"collection":[{"href":"https:\/\/www.unlz.edu.ar\/index.php?rest_route=\/wp\/v2\/pages"}],"about":[{"href":"https:\/\/www.unlz.edu.ar\/index.php?rest_route=\/wp\/v2\/types\/page"}],"author":[{"embeddable":true,"href":"https:\/\/www.unlz.edu.ar\/index.php?rest_route=\/wp\/v2\/users\/1"}],"replies":[{"embeddable":true,"href":"https:\/\/www.unlz.edu.ar\/index.php?rest_route=%2Fwp%2Fv2%2Fcomments&post=2427"}],"version-history":[{"count":16,"href":"https:\/\/www.unlz.edu.ar\/index.php?rest_route=\/wp\/v2\/pages\/2427\/revisions"}],"predecessor-version":[{"id":8276,"href":"https:\/\/www.unlz.edu.ar\/index.php?rest_route=\/wp\/v2\/pages\/2427\/revisions\/8276"}],"wp:attachment":[{"href":"https:\/\/www.unlz.edu.ar\/index.php?rest_route=%2Fwp%2Fv2%2Fmedia&parent=2427"}],"curies":[{"name":"wp","href":"https:\/\/api.w.org\/{rel}","templated":true}]}}