{"id":2432,"date":"2019-09-27T17:33:18","date_gmt":"2019-09-27T20:33:18","guid":{"rendered":"http:\/\/170.210.104.16\/?page_id=2432"},"modified":"2026-03-25T09:11:14","modified_gmt":"2026-03-25T12:11:14","slug":"deportes","status":"publish","type":"page","link":"https:\/\/www.unlz.edu.ar\/?page_id=2432","title":{"rendered":"Deportes"},"content":{"rendered":"<p>[vc_row][vc_column][rev_slider_vc alias=\u00bbdemo-03&#8243;][la_divider height=\u00bblg:80px;\u00bb][\/vc_column][\/vc_row][vc_row][vc_column][la_divider height=\u00bblg:80px;\u00bb][vc_column_text]<\/p>\n<h3 style=\"text-align: center;\">Horarios 2026<\/h3>\n<p>[\/vc_column_text][\/vc_column][\/vc_row][vc_row el_class=\u00bbbloque-texto\u00bb][vc_column width=\u00bb1\/3&#8243;][la_icon_boxes icon_fontawesome=\u00bbfa fa-futbol-o\u00bb icon_pos=\u00bbtop\u00bb icon_style=\u00bbcircle\u00bb icon_size=\u00bb16&#8243; icon_width=\u00bb66&#8243; icon_border_style=\u00bbsolid\u00bb icon_border_width=\u00bb1&#8243; title=\u00bbF\u00fatbol\u00bb icon_color=\u00bb#0004f6&#8243; icon_h_color=\u00bb#ffffff\u00bb icon_bg=\u00bb#ffffff\u00bb icon_h_bg=\u00bb#526df9&#8243; icon_border_color=\u00bb#e3e3e3&#8243; icon_h_border_color=\u00bb#526df9&#8243; el_class=\u00bbiconboxes_demo_3_style_1&#8243;]\n<p style=\"text-align: center;\"><strong>Femenino<\/strong>: martes y jueves, de 19.30 a 20.30hs.<br \/>\n<strong>Masculino<\/strong>: martes y jueves, de 17 a 18.30hs.<\/p>\n<p>[\/la_icon_boxes][\/vc_column][vc_column width=\u00bb1\/3&#8243;][la_icon_boxes icon_type=\u00bbla_icon_outline\u00bb icon_la_icon_outline=\u00bbla-icon emoticons_fist\u00bb icon_pos=\u00bbtop\u00bb icon_style=\u00bbcircle\u00bb icon_size=\u00bb16&#8243; icon_width=\u00bb66&#8243; icon_border_style=\u00bbsolid\u00bb icon_border_width=\u00bb1&#8243; title=\u00bbArtes Marciales\u00bb icon_color=\u00bb#0004f6&#8243; icon_h_color=\u00bb#ffffff\u00bb icon_bg=\u00bb#ffffff\u00bb icon_h_bg=\u00bb#0004f6&#8243; icon_border_color=\u00bb#e3e3e3&#8243; icon_h_border_color=\u00bb#0004f6&#8243; el_class=\u00bbiconboxes_demo_3_style_1&#8243;]\n<p style=\"text-align: center;\"><strong>Defensa Personal<\/strong>: martes de 16.30 a 17.30hs,\u00a0 y viernes de 15 a 16hs.<br \/>\n<strong>Kung Fu<\/strong>: martes de 15.30 a 16.30hs, y viernes de 14 a 15hs.<\/p>\n<p>[\/la_icon_boxes][\/vc_column][vc_column width=\u00bb1\/3&#8243;][la_icon_boxes icon_type=\u00bbla_icon_outline\u00bb icon_la_icon_outline=\u00bbla-icon education_ball-basket\u00bb icon_pos=\u00bbtop\u00bb icon_style=\u00bbcircle\u00bb icon_size=\u00bb16&#8243; icon_width=\u00bb66&#8243; icon_border_style=\u00bbsolid\u00bb icon_border_width=\u00bb1&#8243; title=\u00bbBasquet\u00bb icon_color=\u00bb#526df9&#8243; icon_h_color=\u00bb#ffffff\u00bb icon_bg=\u00bb#ffffff\u00bb icon_h_bg=\u00bb#526df9&#8243; icon_border_color=\u00bb#e3e3e3&#8243; icon_h_border_color=\u00bb#526df9&#8243; el_class=\u00bbiconboxes_demo_3_style_1&#8243;]\n<p style=\"text-align: center;\">martes y jueves, de 20.30 a 21.30hs.<\/p>\n<p>[\/la_icon_boxes][\/vc_column][\/vc_row][vc_row el_class=\u00bbbloque-texto\u00bb][vc_column width=\u00bb1\/3&#8243;][la_icon_boxes icon_type=\u00bbla_icon_outline\u00bb icon_la_icon_outline=\u00bbla-icon sport_crown\u00bb icon_pos=\u00bbtop\u00bb icon_style=\u00bbcircle\u00bb icon_size=\u00bb16&#8243; icon_width=\u00bb66&#8243; icon_border_style=\u00bbsolid\u00bb icon_border_width=\u00bb1&#8243; title=\u00bbAjedrez\u00bb icon_color=\u00bb#526df9&#8243; icon_h_color=\u00bb#ffffff\u00bb icon_bg=\u00bb#ffffff\u00bb icon_h_bg=\u00bb#526df9&#8243; icon_border_color=\u00bb#e3e3e3&#8243; icon_h_border_color=\u00bb#526df9&#8243; el_class=\u00bbiconboxes_demo_3_style_1&#8243;]\n<p style=\"text-align: center;\">Lunes de 17.30 a 20hs.<\/p>\n<p>[\/la_icon_boxes][\/vc_column][vc_column width=\u00bb1\/3&#8243;][la_icon_boxes icon_type=\u00bbla_icon_outline\u00bb icon_la_icon_outline=\u00bbla-icon education_ball-soccer\u00bb icon_pos=\u00bbtop\u00bb icon_style=\u00bbcircle\u00bb icon_size=\u00bb16&#8243; icon_width=\u00bb66&#8243; icon_border_style=\u00bbsolid\u00bb icon_border_width=\u00bb1&#8243; title=\u00bbFutsal\u00bb icon_color=\u00bb#526df9&#8243; icon_h_color=\u00bb#ffffff\u00bb icon_bg=\u00bb#ffffff\u00bb icon_h_bg=\u00bb#526df9&#8243; icon_border_color=\u00bb#e3e3e3&#8243; icon_h_border_color=\u00bb#526df9&#8243; el_class=\u00bbiconboxes_demo_3_style_1&#8243;]\n<p style=\"text-align: center;\"><strong>Masculino<\/strong>: martes y jueves, de 15.30 a 18hs.<\/p>\n<p>[\/la_icon_boxes][\/vc_column][vc_column width=\u00bb1\/3&#8243;][la_icon_boxes icon_type=\u00bbla_icon_outline\u00bb icon_la_icon_outline=\u00bbla-icon sport_hockey\u00bb icon_pos=\u00bbtop\u00bb icon_style=\u00bbcircle\u00bb icon_size=\u00bb16&#8243; icon_width=\u00bb66&#8243; icon_border_style=\u00bbsolid\u00bb icon_border_width=\u00bb1&#8243; title=\u00bbHockey\u00bb icon_color=\u00bb#526df9&#8243; icon_h_color=\u00bb#ffffff\u00bb icon_bg=\u00bb#ffffff\u00bb icon_h_bg=\u00bb#526df9&#8243; icon_border_color=\u00bb#e3e3e3&#8243; icon_h_border_color=\u00bb#526df9&#8243; el_class=\u00bbiconboxes_demo_3_style_1&#8243;]\n<p style=\"text-align: center;\"><strong>Femenino<\/strong>: martes y jueves, de 18.30 a 20hs.<\/p>\n<p>[\/la_icon_boxes][\/vc_column][\/vc_row][vc_row el_class=\u00bbbloque-texto\u00bb][vc_column width=\u00bb1\/3&#8243;][la_icon_boxes icon_type=\u00bbla_icon_outline\u00bb icon_la_icon_outline=\u00bbla-icon sport_baseball-ball\u00bb icon_pos=\u00bbtop\u00bb icon_style=\u00bbcircle\u00bb icon_size=\u00bb16&#8243; icon_width=\u00bb66&#8243; icon_border_style=\u00bbsolid\u00bb icon_border_width=\u00bb1&#8243; title=\u00bbHandball\u00bb icon_color=\u00bb#526df9&#8243; icon_h_color=\u00bb#ffffff\u00bb icon_bg=\u00bb#ffffff\u00bb icon_h_bg=\u00bb#526df9&#8243; icon_border_color=\u00bb#e3e3e3&#8243; icon_h_border_color=\u00bb#526df9&#8243; el_class=\u00bbiconboxes_demo_3_style_1&#8243;]\n<p style=\"text-align: center;\"><strong>Femenino y Masculino<\/strong><br \/>\nMartes y jueves de 19 a 21hs.<\/p>\n<p>[\/la_icon_boxes][\/vc_column][vc_column width=\u00bb1\/3&#8243;][la_icon_boxes icon_type=\u00bbla_icon_outline\u00bb icon_la_icon_outline=\u00bbla-icon sport_volleyball\u00bb icon_pos=\u00bbtop\u00bb icon_style=\u00bbcircle\u00bb icon_size=\u00bb16&#8243; icon_width=\u00bb66&#8243; icon_border_style=\u00bbsolid\u00bb icon_border_width=\u00bb1&#8243; title=\u00bbVoley\u00bb icon_color=\u00bb#526df9&#8243; icon_h_color=\u00bb#ffffff\u00bb icon_bg=\u00bb#ffffff\u00bb icon_h_bg=\u00bb#526df9&#8243; icon_border_color=\u00bb#e3e3e3&#8243; icon_h_border_color=\u00bb#526df9&#8243; el_class=\u00bbiconboxes_demo_3_style_1&#8243;]\n<p style=\"text-align: center;\"><strong>Femenino: <\/strong>martes y jueves, de 17.30 a 19hs.<br \/>\n<strong>Masculino:<\/strong> martes y jueves, de 19 a 20.30hs<\/p>\n<p>[\/la_icon_boxes][\/vc_column][vc_column width=\u00bb1\/3&#8243;][la_icon_boxes icon_type=\u00bbla_icon_outline\u00bb icon_la_icon_outline=\u00bbla-icon sport_rugby\u00bb icon_pos=\u00bbtop\u00bb icon_style=\u00bbcircle\u00bb icon_size=\u00bb16&#8243; icon_width=\u00bb66&#8243; icon_border_style=\u00bbsolid\u00bb icon_border_width=\u00bb1&#8243; title=\u00bbRugby\u00bb icon_color=\u00bb#526df9&#8243; icon_h_color=\u00bb#ffffff\u00bb icon_bg=\u00bb#ffffff\u00bb icon_h_bg=\u00bb#526df9&#8243; icon_border_color=\u00bb#e3e3e3&#8243; icon_h_border_color=\u00bb#526df9&#8243; el_class=\u00bbiconboxes_demo_3_style_1&#8243;]\n<p style=\"text-align: center;\">&#8211;<\/p>\n<p>[\/la_icon_boxes][\/vc_column][\/vc_row][vc_row el_class=\u00bbbloque-texto\u00bb][vc_column width=\u00bb1\/3&#8243;][\/vc_column][vc_column width=\u00bb1\/3&#8243;][la_icon_boxes icon_type=\u00bbla_icon_outline\u00bb icon_la_icon_outline=\u00bbla-icon sport_rope\u00bb icon_pos=\u00bbtop\u00bb icon_style=\u00bbcircle\u00bb icon_size=\u00bb16&#8243; icon_width=\u00bb66&#8243; icon_border_style=\u00bbsolid\u00bb icon_border_width=\u00bb1&#8243; title=\u00bbEntrenamiento funcional\u00bb icon_color=\u00bb#526df9&#8243; icon_h_color=\u00bb#ffffff\u00bb icon_bg=\u00bb#ffffff\u00bb icon_h_bg=\u00bb#526df9&#8243; icon_border_color=\u00bb#e3e3e3&#8243; icon_h_border_color=\u00bb#526df9&#8243; el_class=\u00bbiconboxes_demo_3_style_1&#8243;]\n<p style=\"text-align: center;\">Martes y jueves, de 17 a 18.30hs.<\/p>\n<p>[\/la_icon_boxes][\/vc_column][vc_column width=\u00bb1\/3&#8243;][\/vc_column][\/vc_row][vc_row][vc_column][la_divider height=\u00bblg:60px;\u00bb][\/vc_column][\/vc_row][vc_row full_width=\u00bbstretch_row\u00bb css=\u00bb.vc_custom_1570652657288{background-color: #f7f7f7 !important;}\u00bb el_class=\u00bbbloque-texto\u00bb][vc_column][la_divider height=\u00bblg:40px;\u00bb][la_heading title=\u00bbDirecci\u00f3n de Deportes de la UNLZ\u00bb][\/la_heading][la_divider height=\u00bblg:15px;\u00bb][vc_row_inner css=\u00bb.vc_custom_1570652521346{background-color: #f7f7f7 !important;}\u00bb el_class=\u00bbbloque-texto\u00bb][vc_column_inner width=\u00bb1\/3&#8243;][la_heading tag=\u00bbh6&#8243; title=\u00bbUniversidad saludable\u00bb]\n<p style=\"text-align: justify;\">El sedentarismo est\u00e1 asociado directamente con muchas de las llamadas enfermedades no transmisibles. Realizar una pr\u00e1ctica adecuada, planificada y responsable de actividades f\u00edsico-deportivas, con un m\u00ednimo de 30 minutos diarios, se constituye en la mejor estrategia para mejorar la calidad de vida y la promoci\u00f3n de la salud. De esta manera se sustituye las conductas de riesgo por las de prevenci\u00f3n y promoci\u00f3n.<\/p>\n<p>[\/la_heading][\/vc_column_inner][vc_column_inner width=\u00bb1\/3&#8243;][la_heading tag=\u00bbh6&#8243; title=\u00bbUniversidad Competitiva\u00bb]\n<p style=\"text-align: justify;\">Esta propuesta va dirigida a quienes se interesan y realizan la pr\u00e1ctica deportiva con intenciones de participar en competencias y torneos interuniversitarios. Implica un compromiso sostenido con la preparaci\u00f3n y el entrenamiento, como tambi\u00e9n la participaci\u00f3n en competiciones oficiales.<\/p>\n<p>[\/la_heading][\/vc_column_inner][vc_column_inner width=\u00bb1\/3&#8243;][la_heading tag=\u00bbh6&#8243; title=\u00bbUniversidad socialmente responsable\u00bb]\n<p style=\"text-align: justify;\">En esta esfera de actividades la Universidad refuerza y reafirma su compromiso con la comunidad en la que se inserta, generando propuestas articuladas con instituciones y organizaciones p\u00fablicas y privadas sustentadas tanto en la capacitaci\u00f3n de recursos humanos como en la implementaci\u00f3n de actividades de extensi\u00f3n sobre la base de la actividad f\u00edsica y deportiva.<\/p>\n<p>[\/la_heading][\/vc_column_inner][\/vc_row_inner][vc_row_inner css=\u00bb.vc_custom_1569875108744{background-color: #f7f7f7 !important;}\u00bb][vc_column_inner css=\u00bb.vc_custom_1569875357476{background-color: #f7f7f7 !important;}\u00bb][la_divider height=\u00bblg:40px;\u00bb][\/vc_column_inner][\/vc_row_inner][\/vc_column][\/vc_row][vc_row full_width=\u00bbstretch_row_content_no_spaces\u00bb content_placement=\u00bbmiddle\u00bb parallax=\u00bbcontent-moving\u00bb css=\u00bb.vc_custom_1569878477204{padding-top: 0px !important;background-color: #ffffff !important;}\u00bb][vc_column parallax=\u00bbcontent-moving\u00bb parallax_speed_bg=\u00bb2&#8243; css=\u00bb.vc_custom_1569878516265{padding-top: 0px !important;padding-bottom: 0px !important;}\u00bb][la_banner banner_id=\u00bb2516&#8243;][\/la_banner][\/vc_column][\/vc_row][vc_row full_width=\u00bbstretch_row\u00bb css=\u00bb.vc_custom_1569959238042{background-color: #ffffff !important;}\u00bb el_id=\u00bbInscribite-Deportes\u00bb][vc_column][la_heading title=\u00bbInscripci\u00f3n a deportes\u00bb]\n<h2 style=\"text-align: center;\"><em><strong>Edici\u00f3n 2026<\/strong><\/em><\/h2>\n<p>[\/la_heading][la_divider height=\u00bblg:35px;\u00bb][\/vc_column][\/vc_row][vc_row el_class=\u00bbbloque-texto\u00bb][vc_column width=\u00bb1\/2&#8243;][vc_tta_accordion c_icon=\u00bb\u00bb active_section=\u00bb0&#8243; collapsible_all=\u00bbtrue\u00bb][vc_tta_section i_position=\u00bbright\u00bb i_icon_fontawesome=\u00bbfa fa-angle-down\u00bb add_icon=\u00bbtrue\u00bb title=\u00bbCompletar y enviar formulario\u00bb tab_id=\u00bb1504251139570-5b90a5e8-fcbe\u00bb][vc_column_text]<a href=\"https:\/\/forms.gle\/XgzzsK4yBoU7fe896\" target=\"_blank\" rel=\"noopener noreferrer\">[la_btn title=\u00bbFormulario\u00bb style=\u00bboutline\u00bb shape=\u00bbround\u00bb color=\u00bbprimary\u00bbalign=\u00bbcenter\u00bb]<\/a><\/p>\n<p>[\/vc_column_text][\/vc_tta_section][vc_tta_section i_position=\u00bbright\u00bb i_icon_fontawesome=\u00bbfa fa-angle-down\u00bb add_icon=\u00bbtrue\u00bb title=\u00bbImprimir y completar ficha m\u00e9dica\u00bb tab_id=\u00bb1580929489655-41910850-71a2&#8243;][vc_column_text]<a href=\"https:\/\/www.unlz.edu.ar\/wp-content\/uploads\/2026\/03\/DDJJ-DE-SALUD.pdf\" target=\"_blank\" rel=\"noopener noreferrer\">[la_btn title=\u00bbFicha\u00bb style=\u00bboutline\u00bb shape=\u00bbround\u00bb color=\u00bbprimary\u00bbalign=\u00bbcenter\u00bb]<\/a>[\/vc_column_text][\/vc_tta_section][vc_tta_section i_position=\u00bbright\u00bb i_icon_fontawesome=\u00bbfa fa-angle-down\u00bb add_icon=\u00bbtrue\u00bb title=\u00bbDocumentaci\u00f3n a presentar\u00bb tab_id=\u00bb1504251176146-a347d663-7ef9&#8243;][vc_column_text]En tu primer entrenamiento, deber\u00e1s presentar la siguiente documentaci\u00f3n:<\/p>\n<ul>\n<li>Ficha m\u00e9dica<\/li>\n<li>Certificado m\u00e9dico de aptitud f\u00edsica para realizar deportes (firmado por tu m\u00e9dico de cabecera; es requisito obligatorio para arrancar a entrenar)<\/li>\n<li>Certificado alumno regular<\/li>\n<li>Fotocopia del DNI<\/li>\n<li>Fotocopia de carnet de Obra Social (si posee)<\/li>\n<\/ul>\n<p>[\/vc_column_text][\/vc_tta_section][\/vc_tta_accordion][la_heading tag=\u00bbh6&#8243; alignment=\u00bbleft\u00bb title=\u00bbContacto\u00bb]\n<p style=\"text-align: left;\"><i class=\"fa fa-envelope \" ><\/i>\u00a0 deportes@unlz.edu.ar<\/p>\n<p>[\/la_heading][\/vc_column][vc_column width=\u00bb1\/2&#8243;][vc_single_image image=\u00bb10222&#8243; img_size=\u00bbfull\u00bb alignment=\u00bbcenter\u00bb onclick=\u00bbcustom_link\u00bb link=\u00bbhttps:\/\/www.unlz.edu.ar\/wp-content\/uploads\/2026\/03\/UNLZ-JUGA-PARA-LA-UNLZ-BAJA.mp4&#8243; el_class=\u00bbla-popup\u00bb][la_divider height=\u00bblg:90px;\u00bb][\/vc_column][\/vc_row]<\/p>\n","protected":false},"excerpt":{"rendered":"<p>[vc_row][vc_column][rev_slider_vc alias=\u00bbdemo-03&#8243;][la_divider height=\u00bblg:80px;\u00bb][\/vc_column][\/vc_row][vc_row][vc_column][la_divider height=\u00bblg:80px;\u00bb][vc_column_text] Horarios 2026 [\/vc_column_text][\/vc_column][\/vc_row][vc_row el_class=\u00bbbloque-texto\u00bb][vc_column width=\u00bb1\/3&#8243;][la_icon_boxes icon_fontawesome=\u00bbfa fa-futbol-o\u00bb icon_pos=\u00bbtop\u00bb icon_style=\u00bbcircle\u00bb icon_size=\u00bb16&#8243; icon_width=\u00bb66&#8243; icon_border_style=\u00bbsolid\u00bb icon_border_width=\u00bb1&#8243; title=\u00bbF\u00fatbol\u00bb icon_color=\u00bb#0004f6&#8243; icon_h_color=\u00bb#ffffff\u00bb icon_bg=\u00bb#ffffff\u00bb icon_h_bg=\u00bb#526df9&#8243; icon_border_color=\u00bb#e3e3e3&#8243; icon_h_border_color=\u00bb#526df9&#8243; el_class=\u00bbiconboxes_demo_3_style_1&#8243;] Femenino: martes y jueves, de 19.30 a 20.30hs. Masculino: martes y jueves, de 17 a 18.30hs. [\/la_icon_boxes][\/vc_column][vc_column width=\u00bb1\/3&#8243;][la_icon_boxes icon_type=\u00bbla_icon_outline\u00bb icon_la_icon_outline=\u00bbla-icon emoticons_fist\u00bb icon_pos=\u00bbtop\u00bb icon_style=\u00bbcircle\u00bb icon_size=\u00bb16&#8243; icon_width=\u00bb66&#8243; icon_border_style=\u00bbsolid\u00bb icon_border_width=\u00bb1&#8243; title=\u00bbArtes Marciales\u00bb icon_color=\u00bb#0004f6&#8243; icon_h_color=\u00bb#ffffff\u00bb icon_bg=\u00bb#ffffff\u00bb icon_h_bg=\u00bb#0004f6&#8243; icon_border_color=\u00bb#e3e3e3&#8243; icon_h_border_color=\u00bb#0004f6&#8243;&hellip;<\/p>\n","protected":false},"author":1,"featured_media":0,"parent":0,"menu_order":0,"comment_status":"closed","ping_status":"closed","template":"","meta":{"footnotes":""},"class_list":["post-2432","page","type-page","status-publish","hentry"],"yoast_head":"<!-- This site is optimized with the Yoast SEO plugin v26.0 - https:\/\/yoast.com\/wordpress\/plugins\/seo\/ -->\n<title>Deportes | UNLZ<\/title>\n<meta name=\"robots\" content=\"index, follow, max-snippet:-1, max-image-preview:large, max-video-preview:-1\" \/>\n<link rel=\"canonical\" href=\"https:\/\/www.unlz.edu.ar\/?page_id=2432\" \/>\n<meta property=\"og:locale\" content=\"es_ES\" \/>\n<meta property=\"og:type\" content=\"article\" \/>\n<meta property=\"og:title\" content=\"Deportes | UNLZ\" \/>\n<meta property=\"og:description\" content=\"[vc_row][vc_column][rev_slider_vc alias=\u00bbdemo-03&#8243;][la_divider height=\u00bblg:80px;\u00bb][\/vc_column][\/vc_row][vc_row][vc_column][la_divider height=\u00bblg:80px;\u00bb][vc_column_text] Horarios 2026 [\/vc_column_text][\/vc_column][\/vc_row][vc_row el_class=\u00bbbloque-texto\u00bb][vc_column width=\u00bb1\/3&#8243;][la_icon_boxes icon_fontawesome=\u00bbfa fa-futbol-o\u00bb icon_pos=\u00bbtop\u00bb icon_style=\u00bbcircle\u00bb icon_size=\u00bb16&#8243; icon_width=\u00bb66&#8243; icon_border_style=\u00bbsolid\u00bb icon_border_width=\u00bb1&#8243; title=\u00bbF\u00fatbol\u00bb icon_color=\u00bb#0004f6&#8243; icon_h_color=\u00bb#ffffff\u00bb icon_bg=\u00bb#ffffff\u00bb icon_h_bg=\u00bb#526df9&#8243; icon_border_color=\u00bb#e3e3e3&#8243; icon_h_border_color=\u00bb#526df9&#8243; el_class=\u00bbiconboxes_demo_3_style_1&#8243;] Femenino: martes y jueves, de 19.30 a 20.30hs. Masculino: martes y jueves, de 17 a 18.30hs. [\/la_icon_boxes][\/vc_column][vc_column width=\u00bb1\/3&#8243;][la_icon_boxes icon_type=\u00bbla_icon_outline\u00bb icon_la_icon_outline=\u00bbla-icon emoticons_fist\u00bb icon_pos=\u00bbtop\u00bb icon_style=\u00bbcircle\u00bb icon_size=\u00bb16&#8243; icon_width=\u00bb66&#8243; icon_border_style=\u00bbsolid\u00bb icon_border_width=\u00bb1&#8243; title=\u00bbArtes Marciales\u00bb icon_color=\u00bb#0004f6&#8243; icon_h_color=\u00bb#ffffff\u00bb icon_bg=\u00bb#ffffff\u00bb icon_h_bg=\u00bb#0004f6&#8243; icon_border_color=\u00bb#e3e3e3&#8243; icon_h_border_color=\u00bb#0004f6&#8243;&hellip;\" \/>\n<meta property=\"og:url\" content=\"https:\/\/www.unlz.edu.ar\/?page_id=2432\" \/>\n<meta property=\"og:site_name\" content=\"UNLZ\" \/>\n<meta property=\"article:publisher\" content=\"https:\/\/www.facebook.com\/UNLZoficial\/\" \/>\n<meta property=\"article:modified_time\" content=\"2026-03-25T12:11:14+00:00\" \/>\n<meta name=\"twitter:card\" content=\"summary_large_image\" \/>\n<meta name=\"twitter:site\" content=\"@UNLZoficial\" \/>\n<meta name=\"twitter:label1\" content=\"Tiempo de lectura\" \/>\n\t<meta name=\"twitter:data1\" content=\"3 minutos\" \/>\n<script type=\"application\/ld+json\" class=\"yoast-schema-graph\">{\"@context\":\"https:\/\/schema.org\",\"@graph\":[{\"@type\":\"WebPage\",\"@id\":\"https:\/\/www.unlz.edu.ar\/?page_id=2432\",\"url\":\"https:\/\/www.unlz.edu.ar\/?page_id=2432\",\"name\":\"Deportes | UNLZ\",\"isPartOf\":{\"@id\":\"https:\/\/www.unlz.edu.ar\/#website\"},\"datePublished\":\"2019-09-27T20:33:18+00:00\",\"dateModified\":\"2026-03-25T12:11:14+00:00\",\"breadcrumb\":{\"@id\":\"https:\/\/www.unlz.edu.ar\/?page_id=2432#breadcrumb\"},\"inLanguage\":\"es\",\"potentialAction\":[{\"@type\":\"ReadAction\",\"target\":[\"https:\/\/www.unlz.edu.ar\/?page_id=2432\"]}]},{\"@type\":\"BreadcrumbList\",\"@id\":\"https:\/\/www.unlz.edu.ar\/?page_id=2432#breadcrumb\",\"itemListElement\":[{\"@type\":\"ListItem\",\"position\":1,\"name\":\"Portada\",\"item\":\"https:\/\/www.unlz.edu.ar\/\"},{\"@type\":\"ListItem\",\"position\":2,\"name\":\"Deportes\"}]},{\"@type\":\"WebSite\",\"@id\":\"https:\/\/www.unlz.edu.ar\/#website\",\"url\":\"https:\/\/www.unlz.edu.ar\/\",\"name\":\"UNLZ\",\"description\":\"Universidad Nacional de Lomas de Zamora\",\"publisher\":{\"@id\":\"https:\/\/www.unlz.edu.ar\/#organization\"},\"potentialAction\":[{\"@type\":\"SearchAction\",\"target\":{\"@type\":\"EntryPoint\",\"urlTemplate\":\"https:\/\/www.unlz.edu.ar\/?s={search_term_string}\"},\"query-input\":{\"@type\":\"PropertyValueSpecification\",\"valueRequired\":true,\"valueName\":\"search_term_string\"}}],\"inLanguage\":\"es\"},{\"@type\":\"Organization\",\"@id\":\"https:\/\/www.unlz.edu.ar\/#organization\",\"name\":\"Universidad Nacional de Lomas de Zamora\",\"url\":\"https:\/\/www.unlz.edu.ar\/\",\"logo\":{\"@type\":\"ImageObject\",\"inLanguage\":\"es\",\"@id\":\"https:\/\/www.unlz.edu.ar\/#\/schema\/logo\/image\/\",\"url\":\"https:\/\/www.unlz.edu.ar\/wp-content\/uploads\/2023\/12\/unlz-logo-png.png\",\"contentUrl\":\"https:\/\/www.unlz.edu.ar\/wp-content\/uploads\/2023\/12\/unlz-logo-png.png\",\"width\":115,\"height\":119,\"caption\":\"Universidad Nacional de Lomas de Zamora\"},\"image\":{\"@id\":\"https:\/\/www.unlz.edu.ar\/#\/schema\/logo\/image\/\"},\"sameAs\":[\"https:\/\/www.facebook.com\/UNLZoficial\/\",\"https:\/\/x.com\/UNLZoficial\",\"https:\/\/www.instagram.com\/unlzoficial\/\",\"https:\/\/www.youtube.com\/channel\/UChlG2EZhGAYgBiQdI3Zo5fw\",\"https:\/\/www.tiktok.com\/@unlzoficial\"]}]}<\/script>\n<!-- \/ Yoast SEO plugin. -->","yoast_head_json":{"title":"Deportes | UNLZ","robots":{"index":"index","follow":"follow","max-snippet":"max-snippet:-1","max-image-preview":"max-image-preview:large","max-video-preview":"max-video-preview:-1"},"canonical":"https:\/\/www.unlz.edu.ar\/?page_id=2432","og_locale":"es_ES","og_type":"article","og_title":"Deportes | UNLZ","og_description":"[vc_row][vc_column][rev_slider_vc alias=\u00bbdemo-03&#8243;][la_divider height=\u00bblg:80px;\u00bb][\/vc_column][\/vc_row][vc_row][vc_column][la_divider height=\u00bblg:80px;\u00bb][vc_column_text] Horarios 2026 [\/vc_column_text][\/vc_column][\/vc_row][vc_row el_class=\u00bbbloque-texto\u00bb][vc_column width=\u00bb1\/3&#8243;][la_icon_boxes icon_fontawesome=\u00bbfa fa-futbol-o\u00bb icon_pos=\u00bbtop\u00bb icon_style=\u00bbcircle\u00bb icon_size=\u00bb16&#8243; icon_width=\u00bb66&#8243; icon_border_style=\u00bbsolid\u00bb icon_border_width=\u00bb1&#8243; title=\u00bbF\u00fatbol\u00bb icon_color=\u00bb#0004f6&#8243; icon_h_color=\u00bb#ffffff\u00bb icon_bg=\u00bb#ffffff\u00bb icon_h_bg=\u00bb#526df9&#8243; icon_border_color=\u00bb#e3e3e3&#8243; icon_h_border_color=\u00bb#526df9&#8243; el_class=\u00bbiconboxes_demo_3_style_1&#8243;] Femenino: martes y jueves, de 19.30 a 20.30hs. Masculino: martes y jueves, de 17 a 18.30hs. [\/la_icon_boxes][\/vc_column][vc_column width=\u00bb1\/3&#8243;][la_icon_boxes icon_type=\u00bbla_icon_outline\u00bb icon_la_icon_outline=\u00bbla-icon emoticons_fist\u00bb icon_pos=\u00bbtop\u00bb icon_style=\u00bbcircle\u00bb icon_size=\u00bb16&#8243; icon_width=\u00bb66&#8243; icon_border_style=\u00bbsolid\u00bb icon_border_width=\u00bb1&#8243; title=\u00bbArtes Marciales\u00bb icon_color=\u00bb#0004f6&#8243; icon_h_color=\u00bb#ffffff\u00bb icon_bg=\u00bb#ffffff\u00bb icon_h_bg=\u00bb#0004f6&#8243; icon_border_color=\u00bb#e3e3e3&#8243; icon_h_border_color=\u00bb#0004f6&#8243;&hellip;","og_url":"https:\/\/www.unlz.edu.ar\/?page_id=2432","og_site_name":"UNLZ","article_publisher":"https:\/\/www.facebook.com\/UNLZoficial\/","article_modified_time":"2026-03-25T12:11:14+00:00","twitter_card":"summary_large_image","twitter_site":"@UNLZoficial","twitter_misc":{"Tiempo de lectura":"3 minutos"},"schema":{"@context":"https:\/\/schema.org","@graph":[{"@type":"WebPage","@id":"https:\/\/www.unlz.edu.ar\/?page_id=2432","url":"https:\/\/www.unlz.edu.ar\/?page_id=2432","name":"Deportes | UNLZ","isPartOf":{"@id":"https:\/\/www.unlz.edu.ar\/#website"},"datePublished":"2019-09-27T20:33:18+00:00","dateModified":"2026-03-25T12:11:14+00:00","breadcrumb":{"@id":"https:\/\/www.unlz.edu.ar\/?page_id=2432#breadcrumb"},"inLanguage":"es","potentialAction":[{"@type":"ReadAction","target":["https:\/\/www.unlz.edu.ar\/?page_id=2432"]}]},{"@type":"BreadcrumbList","@id":"https:\/\/www.unlz.edu.ar\/?page_id=2432#breadcrumb","itemListElement":[{"@type":"ListItem","position":1,"name":"Portada","item":"https:\/\/www.unlz.edu.ar\/"},{"@type":"ListItem","position":2,"name":"Deportes"}]},{"@type":"WebSite","@id":"https:\/\/www.unlz.edu.ar\/#website","url":"https:\/\/www.unlz.edu.ar\/","name":"UNLZ","description":"Universidad Nacional de Lomas de Zamora","publisher":{"@id":"https:\/\/www.unlz.edu.ar\/#organization"},"potentialAction":[{"@type":"SearchAction","target":{"@type":"EntryPoint","urlTemplate":"https:\/\/www.unlz.edu.ar\/?s={search_term_string}"},"query-input":{"@type":"PropertyValueSpecification","valueRequired":true,"valueName":"search_term_string"}}],"inLanguage":"es"},{"@type":"Organization","@id":"https:\/\/www.unlz.edu.ar\/#organization","name":"Universidad Nacional de Lomas de Zamora","url":"https:\/\/www.unlz.edu.ar\/","logo":{"@type":"ImageObject","inLanguage":"es","@id":"https:\/\/www.unlz.edu.ar\/#\/schema\/logo\/image\/","url":"https:\/\/www.unlz.edu.ar\/wp-content\/uploads\/2023\/12\/unlz-logo-png.png","contentUrl":"https:\/\/www.unlz.edu.ar\/wp-content\/uploads\/2023\/12\/unlz-logo-png.png","width":115,"height":119,"caption":"Universidad Nacional de Lomas de Zamora"},"image":{"@id":"https:\/\/www.unlz.edu.ar\/#\/schema\/logo\/image\/"},"sameAs":["https:\/\/www.facebook.com\/UNLZoficial\/","https:\/\/x.com\/UNLZoficial","https:\/\/www.instagram.com\/unlzoficial\/","https:\/\/www.youtube.com\/channel\/UChlG2EZhGAYgBiQdI3Zo5fw","https:\/\/www.tiktok.com\/@unlzoficial"]}]}},"_links":{"self":[{"href":"https:\/\/www.unlz.edu.ar\/index.php?rest_route=\/wp\/v2\/pages\/2432","targetHints":{"allow":["GET"]}}],"collection":[{"href":"https:\/\/www.unlz.edu.ar\/index.php?rest_route=\/wp\/v2\/pages"}],"about":[{"href":"https:\/\/www.unlz.edu.ar\/index.php?rest_route=\/wp\/v2\/types\/page"}],"author":[{"embeddable":true,"href":"https:\/\/www.unlz.edu.ar\/index.php?rest_route=\/wp\/v2\/users\/1"}],"replies":[{"embeddable":true,"href":"https:\/\/www.unlz.edu.ar\/index.php?rest_route=%2Fwp%2Fv2%2Fcomments&post=2432"}],"version-history":[{"count":121,"href":"https:\/\/www.unlz.edu.ar\/index.php?rest_route=\/wp\/v2\/pages\/2432\/revisions"}],"predecessor-version":[{"id":10226,"href":"https:\/\/www.unlz.edu.ar\/index.php?rest_route=\/wp\/v2\/pages\/2432\/revisions\/10226"}],"wp:attachment":[{"href":"https:\/\/www.unlz.edu.ar\/index.php?rest_route=%2Fwp%2Fv2%2Fmedia&parent=2432"}],"curies":[{"name":"wp","href":"https:\/\/api.w.org\/{rel}","templated":true}]}}