{"id":2704,"date":"2019-10-03T19:46:30","date_gmt":"2019-10-03T22:46:30","guid":{"rendered":"http:\/\/170.210.104.16\/?page_id=2704"},"modified":"2021-10-19T12:21:20","modified_gmt":"2021-10-19T15:21:20","slug":"tramites","status":"publish","type":"page","link":"https:\/\/www.unlz.edu.ar\/?page_id=2704","title":{"rendered":"Tr\u00e1mites"},"content":{"rendered":"<p>[vc_row full_width=\u00bbstretch_row\u00bb css=\u00bb.vc_custom_1572375964612{margin-bottom: 0px !important;padding-bottom: 0px !important;background: #ffffff url(https:\/\/www.unlz.edu.ar\/wp-content\/uploads\/2019\/10\/NEGROTramites.jpg?id=2705) !important;background-position: center !important;background-repeat: no-repeat !important;background-size: cover !important;}\u00bb][vc_column][la_divider height=\u00bbxlg:350px;lg:250px;md:200px;sm:160px;mb:100px;\u00bb][la_heading spacer=\u00bbline\u00bb spacer_position=\u00bbmiddle\u00bb line_height=\u00bb3&#8243; title=\u00bbTr\u00e1mites\u00bb line_width=\u00bblg:60px;\u00bb line_color=\u00bb#ffffff\u00bb title_fz=\u00bblg:90px;md:60px;sm:40px;xs:36px;\u00bb title_color=\u00bb#ffffff\u00bb subtitle_fz=\u00bblg:15px;md:14px;\u00bb subtitle_color=\u00bb#ffffff\u00bb line_class=\u00bbmargin-top-30 margin-bottom-30&#8243;][\/la_heading][la_divider height=\u00bbxlg:300px;lg:200px;xs:100px;mb:50px;\u00bb][\/vc_column][\/vc_row][vc_row full_width=\u00bbstretch_row_content_no_spaces\u00bb css=\u00bb.vc_custom_1570133453667{background-color: #ffffff !important;}\u00bb][vc_column css=\u00bb.vc_custom_1570133482553{background-color: #ffffff !important;}\u00bb][la_divider height=\u00bblg:40px;mb:0px;\u00bb][\/vc_column][\/vc_row][vc_row css=\u00bb.vc_custom_1570809456888{margin-top: 0px !important;border-top-width: 0px !important;padding-top: 0px !important;}\u00bb el_class=\u00bbbloque-texto\u00bb][vc_column width=\u00bb1\/6&#8243;][\/vc_column][vc_column width=\u00bb2\/3&#8243;][vc_tta_accordion c_icon=\u00bb\u00bb active_section=\u00bb0&#8243; collapsible_all=\u00bbtrue\u00bb][vc_tta_section i_position=\u00bbright\u00bb i_icon_fontawesome=\u00bbfa fa-angle-down\u00bb add_icon=\u00bbtrue\u00bb title=\u00bbEntrega de anal\u00edticos y otras certificaciones\u00bb tab_id=\u00bb1504251139570-5b90a5e8-fcbe\u00bb][vc_column_text]Para la entrega de anal\u00edticos finales (para quienes tienen t\u00edtulo anterior a abril del 2019), planes y programas, cancelaci\u00f3n de matr\u00edcula y equivalencias, <strong>ac\u00e9rcate a Rectorado con tu DNI los lunes y mi\u00e9rcoles, de 9 a 14hs.<\/strong><\/p>\n<p>Para consultar el estado del tr\u00e1mite, comun\u00edcate con <a href=\"mailto:dgat@unlz.edu.ar\"><strong>dgat@unlz.edu.ar<\/strong>\u00a0<\/a>[\/vc_column_text][\/vc_tta_section][vc_tta_section i_position=\u00bbright\u00bb i_icon_fontawesome=\u00bbfa fa-angle-down\u00bb add_icon=\u00bbtrue\u00bb title=\u00bbInicio de anal\u00edtico final\u00bb tab_id=\u00bb1634656626742-dcb8e8fc-1e50&#8243;][vc_column_text]Para graduados y graduadas que posean <strong>t\u00edtulo anterior a abril de 2019 y deseen iniciar el tr\u00e1mite de anal\u00edtico final<\/strong>, deben presentarse en Rectorado con su DNI de <strong>lunes a jueves, de 10 a 12.30hs.<\/strong><\/p>\n<p>Importante: Si tu t\u00edtulo es posterior a abril de 2019, el anal\u00edtico se tramitar\u00e1 en conjunto con el expediente del diploma.[\/vc_column_text][\/vc_tta_section][vc_tta_section i_position=\u00bbright\u00bb i_icon_fontawesome=\u00bbfa fa-angle-down\u00bb add_icon=\u00bbtrue\u00bb title=\u00bbEntrega de diplomas de graduados\u00bb tab_id=\u00bb1504251166182-d8af323c-30f5&#8243;][vc_column_text]Para consultar el estado del tr\u00e1mite, comun\u00edcate con <strong><a href=\"mailto:dgat@unlz.edu.ar\">dgat@unlz.edu.ar<\/a><\/strong><\/p>\n<p><strong>Retiro de diplomas<\/strong>: todos los<strong> jueves, de 9 a 14hs.<\/strong> Presentarse con DNI en Rectorado.[\/vc_column_text][\/vc_tta_section][vc_tta_section i_position=\u00bbright\u00bb i_icon_fontawesome=\u00bbfa fa-angle-down\u00bb add_icon=\u00bbtrue\u00bb title=\u00bbCopias certificadas de diplomas expedidos\u00bb tab_id=\u00bb1570195936052-87d04a53-b445&#8243;][vc_column_text]Comunicate con <strong><a href=\"mailto:dgat@unlz.edu.ar\">dgat@unlz.edu.ar<\/a><\/strong> para iniciar el tr\u00e1mite.[\/vc_column_text][\/vc_tta_section][\/vc_tta_accordion][vc_column_text]*Si sos estudiante o graduado de alguna de las distintas Sedes de Extensi\u00f3n, el tr\u00e1mite se realiza en la oficina de Coordinaci\u00f3n de donde curs\u00e1s o cursaste.[\/vc_column_text][\/vc_column][vc_column width=\u00bb1\/6&#8243;][\/vc_column][\/vc_row][vc_row][vc_column][la_divider height=\u00bblg:90px;\u00bb][\/vc_column][\/vc_row]<\/p>\n","protected":false},"excerpt":{"rendered":"<p>[vc_row full_width=\u00bbstretch_row\u00bb css=\u00bb.vc_custom_1572375964612{margin-bottom: 0px !important;padding-bottom: 0px !important;background: #ffffff url(https:\/\/www.unlz.edu.ar\/wp-content\/uploads\/2019\/10\/NEGROTramites.jpg?id=2705) !important;background-position: center !important;background-repeat: no-repeat !important;background-size: cover !important;}\u00bb][vc_column][la_divider height=\u00bbxlg:350px;lg:250px;md:200px;sm:160px;mb:100px;\u00bb][la_heading spacer=\u00bbline\u00bb spacer_position=\u00bbmiddle\u00bb line_height=\u00bb3&#8243; title=\u00bbTr\u00e1mites\u00bb line_width=\u00bblg:60px;\u00bb line_color=\u00bb#ffffff\u00bb title_fz=\u00bblg:90px;md:60px;sm:40px;xs:36px;\u00bb title_color=\u00bb#ffffff\u00bb subtitle_fz=\u00bblg:15px;md:14px;\u00bb subtitle_color=\u00bb#ffffff\u00bb line_class=\u00bbmargin-top-30 margin-bottom-30&#8243;][\/la_heading][la_divider height=\u00bbxlg:300px;lg:200px;xs:100px;mb:50px;\u00bb][\/vc_column][\/vc_row][vc_row full_width=\u00bbstretch_row_content_no_spaces\u00bb css=\u00bb.vc_custom_1570133453667{background-color: #ffffff !important;}\u00bb][vc_column css=\u00bb.vc_custom_1570133482553{background-color: #ffffff !important;}\u00bb][la_divider height=\u00bblg:40px;mb:0px;\u00bb][\/vc_column][\/vc_row][vc_row css=\u00bb.vc_custom_1570809456888{margin-top: 0px !important;border-top-width: 0px !important;padding-top: 0px !important;}\u00bb el_class=\u00bbbloque-texto\u00bb][vc_column width=\u00bb1\/6&#8243;][\/vc_column][vc_column width=\u00bb2\/3&#8243;][vc_tta_accordion c_icon=\u00bb\u00bb active_section=\u00bb0&#8243; collapsible_all=\u00bbtrue\u00bb][vc_tta_section i_position=\u00bbright\u00bb i_icon_fontawesome=\u00bbfa fa-angle-down\u00bb add_icon=\u00bbtrue\u00bb title=\u00bbEntrega de anal\u00edticos y otras&hellip;<\/p>\n","protected":false},"author":1,"featured_media":0,"parent":0,"menu_order":0,"comment_status":"closed","ping_status":"closed","template":"","meta":{"footnotes":""},"class_list":["post-2704","page","type-page","status-publish","hentry"],"yoast_head":"<!-- This site is optimized with the Yoast SEO plugin v26.0 - https:\/\/yoast.com\/wordpress\/plugins\/seo\/ -->\n<title>Tr\u00e1mites | UNLZ<\/title>\n<meta name=\"robots\" content=\"index, follow, max-snippet:-1, max-image-preview:large, max-video-preview:-1\" \/>\n<link rel=\"canonical\" href=\"https:\/\/www.unlz.edu.ar\/?page_id=2704\" \/>\n<meta property=\"og:locale\" content=\"es_ES\" \/>\n<meta property=\"og:type\" content=\"article\" \/>\n<meta property=\"og:title\" content=\"Tr\u00e1mites | UNLZ\" \/>\n<meta property=\"og:description\" content=\"[vc_row full_width=\u00bbstretch_row\u00bb css=\u00bb.vc_custom_1572375964612{margin-bottom: 0px !important;padding-bottom: 0px !important;background: #ffffff url(https:\/\/www.unlz.edu.ar\/wp-content\/uploads\/2019\/10\/NEGROTramites.jpg?id=2705) !important;background-position: center !important;background-repeat: no-repeat !important;background-size: cover !important;}\u00bb][vc_column][la_divider height=\u00bbxlg:350px;lg:250px;md:200px;sm:160px;mb:100px;\u00bb][la_heading spacer=\u00bbline\u00bb spacer_position=\u00bbmiddle\u00bb line_height=\u00bb3&#8243; title=\u00bbTr\u00e1mites\u00bb line_width=\u00bblg:60px;\u00bb line_color=\u00bb#ffffff\u00bb title_fz=\u00bblg:90px;md:60px;sm:40px;xs:36px;\u00bb title_color=\u00bb#ffffff\u00bb subtitle_fz=\u00bblg:15px;md:14px;\u00bb subtitle_color=\u00bb#ffffff\u00bb line_class=\u00bbmargin-top-30 margin-bottom-30&#8243;][\/la_heading][la_divider height=\u00bbxlg:300px;lg:200px;xs:100px;mb:50px;\u00bb][\/vc_column][\/vc_row][vc_row full_width=\u00bbstretch_row_content_no_spaces\u00bb css=\u00bb.vc_custom_1570133453667{background-color: #ffffff !important;}\u00bb][vc_column css=\u00bb.vc_custom_1570133482553{background-color: #ffffff !important;}\u00bb][la_divider height=\u00bblg:40px;mb:0px;\u00bb][\/vc_column][\/vc_row][vc_row css=\u00bb.vc_custom_1570809456888{margin-top: 0px !important;border-top-width: 0px !important;padding-top: 0px !important;}\u00bb el_class=\u00bbbloque-texto\u00bb][vc_column width=\u00bb1\/6&#8243;][\/vc_column][vc_column width=\u00bb2\/3&#8243;][vc_tta_accordion c_icon=\u00bb\u00bb active_section=\u00bb0&#8243; collapsible_all=\u00bbtrue\u00bb][vc_tta_section i_position=\u00bbright\u00bb i_icon_fontawesome=\u00bbfa fa-angle-down\u00bb add_icon=\u00bbtrue\u00bb title=\u00bbEntrega de anal\u00edticos y otras&hellip;\" \/>\n<meta property=\"og:url\" content=\"https:\/\/www.unlz.edu.ar\/?page_id=2704\" \/>\n<meta property=\"og:site_name\" content=\"UNLZ\" \/>\n<meta property=\"article:publisher\" content=\"https:\/\/www.facebook.com\/UNLZoficial\/\" \/>\n<meta property=\"article:modified_time\" content=\"2021-10-19T15:21:20+00:00\" \/>\n<meta name=\"twitter:card\" content=\"summary_large_image\" \/>\n<meta name=\"twitter:site\" content=\"@UNLZoficial\" \/>\n<meta name=\"twitter:label1\" content=\"Tiempo de lectura\" \/>\n\t<meta name=\"twitter:data1\" content=\"2 minutos\" \/>\n<script type=\"application\/ld+json\" class=\"yoast-schema-graph\">{\"@context\":\"https:\/\/schema.org\",\"@graph\":[{\"@type\":\"WebPage\",\"@id\":\"https:\/\/www.unlz.edu.ar\/?page_id=2704\",\"url\":\"https:\/\/www.unlz.edu.ar\/?page_id=2704\",\"name\":\"Tr\u00e1mites | UNLZ\",\"isPartOf\":{\"@id\":\"https:\/\/www.unlz.edu.ar\/#website\"},\"datePublished\":\"2019-10-03T22:46:30+00:00\",\"dateModified\":\"2021-10-19T15:21:20+00:00\",\"breadcrumb\":{\"@id\":\"https:\/\/www.unlz.edu.ar\/?page_id=2704#breadcrumb\"},\"inLanguage\":\"es\",\"potentialAction\":[{\"@type\":\"ReadAction\",\"target\":[\"https:\/\/www.unlz.edu.ar\/?page_id=2704\"]}]},{\"@type\":\"BreadcrumbList\",\"@id\":\"https:\/\/www.unlz.edu.ar\/?page_id=2704#breadcrumb\",\"itemListElement\":[{\"@type\":\"ListItem\",\"position\":1,\"name\":\"Portada\",\"item\":\"https:\/\/www.unlz.edu.ar\/\"},{\"@type\":\"ListItem\",\"position\":2,\"name\":\"Tr\u00e1mites\"}]},{\"@type\":\"WebSite\",\"@id\":\"https:\/\/www.unlz.edu.ar\/#website\",\"url\":\"https:\/\/www.unlz.edu.ar\/\",\"name\":\"UNLZ\",\"description\":\"Universidad Nacional de Lomas de Zamora\",\"publisher\":{\"@id\":\"https:\/\/www.unlz.edu.ar\/#organization\"},\"potentialAction\":[{\"@type\":\"SearchAction\",\"target\":{\"@type\":\"EntryPoint\",\"urlTemplate\":\"https:\/\/www.unlz.edu.ar\/?s={search_term_string}\"},\"query-input\":{\"@type\":\"PropertyValueSpecification\",\"valueRequired\":true,\"valueName\":\"search_term_string\"}}],\"inLanguage\":\"es\"},{\"@type\":\"Organization\",\"@id\":\"https:\/\/www.unlz.edu.ar\/#organization\",\"name\":\"Universidad Nacional de Lomas de Zamora\",\"url\":\"https:\/\/www.unlz.edu.ar\/\",\"logo\":{\"@type\":\"ImageObject\",\"inLanguage\":\"es\",\"@id\":\"https:\/\/www.unlz.edu.ar\/#\/schema\/logo\/image\/\",\"url\":\"https:\/\/www.unlz.edu.ar\/wp-content\/uploads\/2023\/12\/unlz-logo-png.png\",\"contentUrl\":\"https:\/\/www.unlz.edu.ar\/wp-content\/uploads\/2023\/12\/unlz-logo-png.png\",\"width\":115,\"height\":119,\"caption\":\"Universidad Nacional de Lomas de Zamora\"},\"image\":{\"@id\":\"https:\/\/www.unlz.edu.ar\/#\/schema\/logo\/image\/\"},\"sameAs\":[\"https:\/\/www.facebook.com\/UNLZoficial\/\",\"https:\/\/x.com\/UNLZoficial\",\"https:\/\/www.instagram.com\/unlzoficial\/\",\"https:\/\/www.youtube.com\/channel\/UChlG2EZhGAYgBiQdI3Zo5fw\",\"https:\/\/www.tiktok.com\/@unlzoficial\"]}]}<\/script>\n<!-- \/ Yoast SEO plugin. -->","yoast_head_json":{"title":"Tr\u00e1mites | UNLZ","robots":{"index":"index","follow":"follow","max-snippet":"max-snippet:-1","max-image-preview":"max-image-preview:large","max-video-preview":"max-video-preview:-1"},"canonical":"https:\/\/www.unlz.edu.ar\/?page_id=2704","og_locale":"es_ES","og_type":"article","og_title":"Tr\u00e1mites | UNLZ","og_description":"[vc_row full_width=\u00bbstretch_row\u00bb css=\u00bb.vc_custom_1572375964612{margin-bottom: 0px !important;padding-bottom: 0px !important;background: #ffffff url(https:\/\/www.unlz.edu.ar\/wp-content\/uploads\/2019\/10\/NEGROTramites.jpg?id=2705) !important;background-position: center !important;background-repeat: no-repeat !important;background-size: cover !important;}\u00bb][vc_column][la_divider height=\u00bbxlg:350px;lg:250px;md:200px;sm:160px;mb:100px;\u00bb][la_heading spacer=\u00bbline\u00bb spacer_position=\u00bbmiddle\u00bb line_height=\u00bb3&#8243; title=\u00bbTr\u00e1mites\u00bb line_width=\u00bblg:60px;\u00bb line_color=\u00bb#ffffff\u00bb title_fz=\u00bblg:90px;md:60px;sm:40px;xs:36px;\u00bb title_color=\u00bb#ffffff\u00bb subtitle_fz=\u00bblg:15px;md:14px;\u00bb subtitle_color=\u00bb#ffffff\u00bb line_class=\u00bbmargin-top-30 margin-bottom-30&#8243;][\/la_heading][la_divider height=\u00bbxlg:300px;lg:200px;xs:100px;mb:50px;\u00bb][\/vc_column][\/vc_row][vc_row full_width=\u00bbstretch_row_content_no_spaces\u00bb css=\u00bb.vc_custom_1570133453667{background-color: #ffffff !important;}\u00bb][vc_column css=\u00bb.vc_custom_1570133482553{background-color: #ffffff !important;}\u00bb][la_divider height=\u00bblg:40px;mb:0px;\u00bb][\/vc_column][\/vc_row][vc_row css=\u00bb.vc_custom_1570809456888{margin-top: 0px !important;border-top-width: 0px !important;padding-top: 0px !important;}\u00bb el_class=\u00bbbloque-texto\u00bb][vc_column width=\u00bb1\/6&#8243;][\/vc_column][vc_column width=\u00bb2\/3&#8243;][vc_tta_accordion c_icon=\u00bb\u00bb active_section=\u00bb0&#8243; collapsible_all=\u00bbtrue\u00bb][vc_tta_section i_position=\u00bbright\u00bb i_icon_fontawesome=\u00bbfa fa-angle-down\u00bb add_icon=\u00bbtrue\u00bb title=\u00bbEntrega de anal\u00edticos y otras&hellip;","og_url":"https:\/\/www.unlz.edu.ar\/?page_id=2704","og_site_name":"UNLZ","article_publisher":"https:\/\/www.facebook.com\/UNLZoficial\/","article_modified_time":"2021-10-19T15:21:20+00:00","twitter_card":"summary_large_image","twitter_site":"@UNLZoficial","twitter_misc":{"Tiempo de lectura":"2 minutos"},"schema":{"@context":"https:\/\/schema.org","@graph":[{"@type":"WebPage","@id":"https:\/\/www.unlz.edu.ar\/?page_id=2704","url":"https:\/\/www.unlz.edu.ar\/?page_id=2704","name":"Tr\u00e1mites | UNLZ","isPartOf":{"@id":"https:\/\/www.unlz.edu.ar\/#website"},"datePublished":"2019-10-03T22:46:30+00:00","dateModified":"2021-10-19T15:21:20+00:00","breadcrumb":{"@id":"https:\/\/www.unlz.edu.ar\/?page_id=2704#breadcrumb"},"inLanguage":"es","potentialAction":[{"@type":"ReadAction","target":["https:\/\/www.unlz.edu.ar\/?page_id=2704"]}]},{"@type":"BreadcrumbList","@id":"https:\/\/www.unlz.edu.ar\/?page_id=2704#breadcrumb","itemListElement":[{"@type":"ListItem","position":1,"name":"Portada","item":"https:\/\/www.unlz.edu.ar\/"},{"@type":"ListItem","position":2,"name":"Tr\u00e1mites"}]},{"@type":"WebSite","@id":"https:\/\/www.unlz.edu.ar\/#website","url":"https:\/\/www.unlz.edu.ar\/","name":"UNLZ","description":"Universidad Nacional de Lomas de Zamora","publisher":{"@id":"https:\/\/www.unlz.edu.ar\/#organization"},"potentialAction":[{"@type":"SearchAction","target":{"@type":"EntryPoint","urlTemplate":"https:\/\/www.unlz.edu.ar\/?s={search_term_string}"},"query-input":{"@type":"PropertyValueSpecification","valueRequired":true,"valueName":"search_term_string"}}],"inLanguage":"es"},{"@type":"Organization","@id":"https:\/\/www.unlz.edu.ar\/#organization","name":"Universidad Nacional de Lomas de Zamora","url":"https:\/\/www.unlz.edu.ar\/","logo":{"@type":"ImageObject","inLanguage":"es","@id":"https:\/\/www.unlz.edu.ar\/#\/schema\/logo\/image\/","url":"https:\/\/www.unlz.edu.ar\/wp-content\/uploads\/2023\/12\/unlz-logo-png.png","contentUrl":"https:\/\/www.unlz.edu.ar\/wp-content\/uploads\/2023\/12\/unlz-logo-png.png","width":115,"height":119,"caption":"Universidad Nacional de Lomas de Zamora"},"image":{"@id":"https:\/\/www.unlz.edu.ar\/#\/schema\/logo\/image\/"},"sameAs":["https:\/\/www.facebook.com\/UNLZoficial\/","https:\/\/x.com\/UNLZoficial","https:\/\/www.instagram.com\/unlzoficial\/","https:\/\/www.youtube.com\/channel\/UChlG2EZhGAYgBiQdI3Zo5fw","https:\/\/www.tiktok.com\/@unlzoficial"]}]}},"_links":{"self":[{"href":"https:\/\/www.unlz.edu.ar\/index.php?rest_route=\/wp\/v2\/pages\/2704","targetHints":{"allow":["GET"]}}],"collection":[{"href":"https:\/\/www.unlz.edu.ar\/index.php?rest_route=\/wp\/v2\/pages"}],"about":[{"href":"https:\/\/www.unlz.edu.ar\/index.php?rest_route=\/wp\/v2\/types\/page"}],"author":[{"embeddable":true,"href":"https:\/\/www.unlz.edu.ar\/index.php?rest_route=\/wp\/v2\/users\/1"}],"replies":[{"embeddable":true,"href":"https:\/\/www.unlz.edu.ar\/index.php?rest_route=%2Fwp%2Fv2%2Fcomments&post=2704"}],"version-history":[{"count":27,"href":"https:\/\/www.unlz.edu.ar\/index.php?rest_route=\/wp\/v2\/pages\/2704\/revisions"}],"predecessor-version":[{"id":3577,"href":"https:\/\/www.unlz.edu.ar\/index.php?rest_route=\/wp\/v2\/pages\/2704\/revisions\/3577"}],"wp:attachment":[{"href":"https:\/\/www.unlz.edu.ar\/index.php?rest_route=%2Fwp%2Fv2%2Fmedia&parent=2704"}],"curies":[{"name":"wp","href":"https:\/\/api.w.org\/{rel}","templated":true}]}}