{"id":3602,"date":"2019-10-11T13:13:52","date_gmt":"2019-10-11T16:13:52","guid":{"rendered":"http:\/\/170.210.104.16\/?page_id=3602"},"modified":"2024-08-27T12:18:03","modified_gmt":"2024-08-27T15:18:03","slug":"concesiones-unlz","status":"publish","type":"page","link":"https:\/\/www.unlz.edu.ar\/?page_id=3602","title":{"rendered":"Concesiones"},"content":{"rendered":"<p>[vc_row full_width=\u00bbstretch_row\u00bb css=\u00bb.vc_custom_1570641328166{margin-top: 0px !important;border-top-width: 0px !important;padding-top: 0px !important;background-color: #f7f7f7 !important;}\u00bb][vc_column css=\u00bb.vc_custom_1570641333978{margin-top: 0px !important;border-top-width: 0px !important;padding-top: 0px !important;}\u00bb]<div class='la_parallax_row js-el' data-bg-align='' data-direction='up' data-opacity='100' data-velocity='-0.3' data-mobile-enabled='parallax-enable-mobile' data-bg-height='907' data-bg-width='1500' data-bg-image='https:\/\/www.unlz.edu.ar\/wp-content\/uploads\/2019\/10\/licitacion.jpg' data-bg-repeat='false' data-id='' data-la_component='ParallaxRow' style='display: none'><\/div>[la_divider height=\u00bbxlg:350px;lg:250px;md:200px;sm:160px;mb:100px;\u00bb][la_heading title=\u00bbConcesiones\u00bb title_fz=\u00bblg:90px;md:60px;sm:40px;xs:36px;\u00bb title_color=\u00bb#ffffff\u00bb][\/la_heading][la_divider height=\u00bbxlg:200px;lg:100px;xs:100px;mb:20px;\u00bb][la_divider height=\u00bbxlg:200px;lg:100px;\u00bb][\/vc_column][\/vc_row][vc_row][vc_column][la_divider height=\u00bblg:50px;\u00bb][\/vc_column][\/vc_row][vc_row][vc_column width=\u00bb1\/4&#8243;][vc_column_text]<br \/>\n[\/vc_column_text][\/vc_column][vc_column width=\u00bb1\/2&#8243;][vc_message style=\u00bbsquare\u00bb message_box_color=\u00bbgrey\u00bb]<\/p>\n<p style=\"text-align: center;\"><strong><u>PRESENTACI\u00d3N Y APERTURA DE OFERTAS<\/u><\/strong><strong>:<\/strong><\/p>\n<p style=\"text-align: center;\"><strong>Direcci\u00f3n de Contrataciones \u2013<\/strong>\u00a0Rectorado \u2013 Campus Universitario<\/p>\n<p style=\"text-align: center;\">Av. Juan XXIII y Ruta Provincial \u00a0\u00a0N\u00ba 4 \u2013 por Acceso 1 \u2013 (1832) Lomas de Zamora<\/p>\n<p style=\"text-align: center;\">Provincia de Buenos Aires<\/p>\n<p style=\"text-align: center;\">Horario: de 09:00 a 14:00hs. \u2013 Tel: 7091-8659 \u2013 email: compas@unlz.edu.ar<\/p>\n<p>[\/vc_message][\/vc_column][vc_column width=\u00bb1\/4&#8243;][vc_column_text]<br \/>\n[\/vc_column_text][\/vc_column][\/vc_row][vc_row][vc_column][la_divider height=\u00bblg:50px;\u00bb][\/vc_column][\/vc_row][vc_row][vc_column width=\u00bb1\/2&#8243;][vc_column_text]<\/p>\n<h6><\/h6>\n<h6><\/h6>\n<h5><span style=\"color: #0000ff;\">PROCEDIMIENTO<strong>: LICITACI\u00d3N P\u00daBLICA N\u00ba 04\/2024 &#8211; <\/strong><\/span><span style=\"color: #0000ff;\">EXPEDIENTE: 2150\/2024<\/span><\/h5>\n<hr \/>\n<h6><strong>\u00bb Ampliacion y Remodelacion de Buffet y Kiosco y otrogamiento en Concesi\u00f3n para la explotacion del servicio en\u00a0 la Facultad de Ciencias Economicas<\/strong><strong>\u00bb\u00a0<\/strong><\/h6>\n<h6><strong>Universidad Nacional de Lomas de Zamora<\/strong><\/h6>\n<h6><strong>RETIRO DE PLIEGO<\/strong>: <strong>Podr\u00e1n obtenerse, en el sitio web <\/strong><span style=\"color: #0000ff;\">comprar.gob.ar<\/span><strong> \u00a0Portal de Compras P\u00fablicas de la Rep\u00fablica Argentina.<\/strong><\/h6>\n<h6><strong>CONSULTA DE PLIEGO<\/strong>: Desde el\u00a0 d\u00eda 27 de agosto hasta el 13 de septiembre de 2024 hasta las 14:30 hs &#8211; \u00danicamente v\u00eda e-mail: <span style=\"text-decoration: underline;\"><span style=\"color: #0000ff; text-decoration: underline;\">compras@unlz.edu.ar<\/span><\/span><\/h6>\n<h6><strong>VISITA T\u00c9CNICA OBLIGATORIA<\/strong>:\u00a0 10 de septiembre de 2024 a las 11:00 hs. Los interesados se reunir\u00e1n en el Hall Central de la Facultad de Ciencias Economicas.<\/h6>\n<h6><strong>VALOR DEL PLIEGO<\/strong>:\u00a0sin cargo<\/h6>\n<h4><span style=\"color: #0004f7;\"><strong>FECHA DE APERTURA:<\/strong><\/span><\/h4>\n<h4><span style=\"color: #0004f7;\"><strong>19 de septiembre de 2024 a las 11:00 hs.<\/strong><\/span><\/h4>\n<p>[\/vc_column_text][la_btn title=\u00bbDescargar Pliego Particular\u00bb style=\u00bboutline\u00bb shape=\u00bbround\u00bb link=\u00bburl:https%3A%2F%2Fwww.unlz.edu.ar%2Fwp-content%2Fuploads%2F2024%2F08%2FConvocatoria-LPubl.-04-24.pdf|title:Descargar%20Pliegos|target:%20_blank|\u00bb][la_btn title=\u00bbDescargar Pliego General\u00bb style=\u00bboutline\u00bb shape=\u00bbround\u00bb link=\u00bburl:https%3A%2F%2Fwww.unlz.edu.ar%2Fwp-content%2Fuploads%2F2024%2F08%2FPLIEGO-GENERAL-24.pdf|title:Descargar%20Pliego%20general|target:%20_blank|\u00bb][la_btn title=\u00bbCIRCULAR N\u00b0 1&#8243; style=\u00bboutline\u00bb shape=\u00bbround\u00bb link=\u00bburl:https%3A%2F%2Fwww.unlz.edu.ar%2Fwp-content%2Fuploads%2F2024%2F08%2FCIRCULAR-N%C2%B01.pdf|title:CIRCULAR%20N%C2%B0%201|target:%20_blank|\u00bb][\/vc_column][vc_column width=\u00bb1\/2&#8243;][\/vc_column][\/vc_row][vc_row][vc_column width=\u00bb1\/2&#8243;][\/vc_column][vc_column width=\u00bb1\/2&#8243;][\/vc_column][\/vc_row][vc_row][vc_column][la_divider height=\u00bblg:90px;\u00bb][\/vc_column][\/vc_row]<\/p>\n","protected":false},"excerpt":{"rendered":"<p>[vc_row full_width=\u00bbstretch_row\u00bb css=\u00bb.vc_custom_1570641328166{margin-top: 0px !important;border-top-width: 0px !important;padding-top: 0px !important;background-color: #f7f7f7 !important;}\u00bb][vc_column css=\u00bb.vc_custom_1570641333978{margin-top: 0px !important;border-top-width: 0px !important;padding-top: 0px !important;}\u00bb][la_divider height=\u00bbxlg:350px;lg:250px;md:200px;sm:160px;mb:100px;\u00bb][la_heading title=\u00bbConcesiones\u00bb title_fz=\u00bblg:90px;md:60px;sm:40px;xs:36px;\u00bb title_color=\u00bb#ffffff\u00bb][\/la_heading][la_divider height=\u00bbxlg:200px;lg:100px;xs:100px;mb:20px;\u00bb][la_divider height=\u00bbxlg:200px;lg:100px;\u00bb][\/vc_column][\/vc_row][vc_row][vc_column][la_divider height=\u00bblg:50px;\u00bb][\/vc_column][\/vc_row][vc_row][vc_column width=\u00bb1\/4&#8243;][vc_column_text] [\/vc_column_text][\/vc_column][vc_column width=\u00bb1\/2&#8243;][vc_message style=\u00bbsquare\u00bb message_box_color=\u00bbgrey\u00bb] PRESENTACI\u00d3N Y APERTURA DE OFERTAS: Direcci\u00f3n de Contrataciones \u2013\u00a0Rectorado \u2013 Campus Universitario Av. Juan XXIII y Ruta Provincial \u00a0\u00a0N\u00ba 4 \u2013 por Acceso 1 \u2013 (1832) Lomas de Zamora Provincia&hellip;<\/p>\n","protected":false},"author":1,"featured_media":3541,"parent":0,"menu_order":0,"comment_status":"closed","ping_status":"closed","template":"","meta":{"footnotes":""},"class_list":["post-3602","page","type-page","status-publish","has-post-thumbnail","hentry"],"yoast_head":"<!-- This site is optimized with the Yoast SEO plugin v26.0 - https:\/\/yoast.com\/wordpress\/plugins\/seo\/ -->\n<title>Concesiones Universidad de Lomas de Zamora | UNLZ<\/title>\n<meta name=\"description\" content=\"Concesiones Universidad de Lomas de Zamora. UNLZ. Licitaci\u00f3n P\u00fablica.\" \/>\n<meta name=\"robots\" content=\"index, follow, max-snippet:-1, max-image-preview:large, max-video-preview:-1\" \/>\n<link rel=\"canonical\" href=\"https:\/\/www.unlz.edu.ar\/?page_id=3602\" \/>\n<meta property=\"og:locale\" content=\"es_ES\" \/>\n<meta property=\"og:type\" content=\"article\" \/>\n<meta property=\"og:title\" content=\"Concesiones Universidad de Lomas de Zamora | UNLZ\" \/>\n<meta property=\"og:description\" content=\"Concesiones Universidad de Lomas de Zamora. UNLZ. Licitaci\u00f3n P\u00fablica.\" \/>\n<meta property=\"og:url\" content=\"https:\/\/www.unlz.edu.ar\/?page_id=3602\" \/>\n<meta property=\"og:site_name\" content=\"UNLZ\" \/>\n<meta property=\"article:publisher\" content=\"https:\/\/www.facebook.com\/UNLZoficial\/\" \/>\n<meta property=\"article:modified_time\" content=\"2024-08-27T15:18:03+00:00\" \/>\n<meta property=\"og:image\" content=\"https:\/\/www.unlz.edu.ar\/wp-content\/uploads\/2019\/10\/licitacion.jpg\" \/>\n\t<meta property=\"og:image:width\" content=\"1500\" \/>\n\t<meta property=\"og:image:height\" content=\"907\" \/>\n\t<meta property=\"og:image:type\" content=\"image\/jpeg\" \/>\n<meta name=\"twitter:card\" content=\"summary_large_image\" \/>\n<meta name=\"twitter:site\" content=\"@UNLZoficial\" \/>\n<meta name=\"twitter:label1\" content=\"Tiempo de lectura\" \/>\n\t<meta name=\"twitter:data1\" content=\"1 minuto\" \/>\n<script type=\"application\/ld+json\" class=\"yoast-schema-graph\">{\"@context\":\"https:\/\/schema.org\",\"@graph\":[{\"@type\":\"WebPage\",\"@id\":\"https:\/\/www.unlz.edu.ar\/?page_id=3602\",\"url\":\"https:\/\/www.unlz.edu.ar\/?page_id=3602\",\"name\":\"Concesiones Universidad de Lomas de Zamora | UNLZ\",\"isPartOf\":{\"@id\":\"https:\/\/www.unlz.edu.ar\/#website\"},\"primaryImageOfPage\":{\"@id\":\"https:\/\/www.unlz.edu.ar\/?page_id=3602#primaryimage\"},\"image\":{\"@id\":\"https:\/\/www.unlz.edu.ar\/?page_id=3602#primaryimage\"},\"thumbnailUrl\":\"https:\/\/www.unlz.edu.ar\/wp-content\/uploads\/2019\/10\/licitacion.jpg\",\"datePublished\":\"2019-10-11T16:13:52+00:00\",\"dateModified\":\"2024-08-27T15:18:03+00:00\",\"description\":\"Concesiones Universidad de Lomas de Zamora. UNLZ. Licitaci\u00f3n P\u00fablica.\",\"breadcrumb\":{\"@id\":\"https:\/\/www.unlz.edu.ar\/?page_id=3602#breadcrumb\"},\"inLanguage\":\"es\",\"potentialAction\":[{\"@type\":\"ReadAction\",\"target\":[\"https:\/\/www.unlz.edu.ar\/?page_id=3602\"]}]},{\"@type\":\"ImageObject\",\"inLanguage\":\"es\",\"@id\":\"https:\/\/www.unlz.edu.ar\/?page_id=3602#primaryimage\",\"url\":\"https:\/\/www.unlz.edu.ar\/wp-content\/uploads\/2019\/10\/licitacion.jpg\",\"contentUrl\":\"https:\/\/www.unlz.edu.ar\/wp-content\/uploads\/2019\/10\/licitacion.jpg\",\"width\":1500,\"height\":907,\"caption\":\"Hands of two businesspeople discussing a contract\"},{\"@type\":\"BreadcrumbList\",\"@id\":\"https:\/\/www.unlz.edu.ar\/?page_id=3602#breadcrumb\",\"itemListElement\":[{\"@type\":\"ListItem\",\"position\":1,\"name\":\"Portada\",\"item\":\"https:\/\/www.unlz.edu.ar\/\"},{\"@type\":\"ListItem\",\"position\":2,\"name\":\"Concesiones\"}]},{\"@type\":\"WebSite\",\"@id\":\"https:\/\/www.unlz.edu.ar\/#website\",\"url\":\"https:\/\/www.unlz.edu.ar\/\",\"name\":\"UNLZ\",\"description\":\"Universidad Nacional de Lomas de Zamora\",\"publisher\":{\"@id\":\"https:\/\/www.unlz.edu.ar\/#organization\"},\"potentialAction\":[{\"@type\":\"SearchAction\",\"target\":{\"@type\":\"EntryPoint\",\"urlTemplate\":\"https:\/\/www.unlz.edu.ar\/?s={search_term_string}\"},\"query-input\":{\"@type\":\"PropertyValueSpecification\",\"valueRequired\":true,\"valueName\":\"search_term_string\"}}],\"inLanguage\":\"es\"},{\"@type\":\"Organization\",\"@id\":\"https:\/\/www.unlz.edu.ar\/#organization\",\"name\":\"Universidad Nacional de Lomas de Zamora\",\"url\":\"https:\/\/www.unlz.edu.ar\/\",\"logo\":{\"@type\":\"ImageObject\",\"inLanguage\":\"es\",\"@id\":\"https:\/\/www.unlz.edu.ar\/#\/schema\/logo\/image\/\",\"url\":\"https:\/\/www.unlz.edu.ar\/wp-content\/uploads\/2023\/12\/unlz-logo-png.png\",\"contentUrl\":\"https:\/\/www.unlz.edu.ar\/wp-content\/uploads\/2023\/12\/unlz-logo-png.png\",\"width\":115,\"height\":119,\"caption\":\"Universidad Nacional de Lomas de Zamora\"},\"image\":{\"@id\":\"https:\/\/www.unlz.edu.ar\/#\/schema\/logo\/image\/\"},\"sameAs\":[\"https:\/\/www.facebook.com\/UNLZoficial\/\",\"https:\/\/x.com\/UNLZoficial\",\"https:\/\/www.instagram.com\/unlzoficial\/\",\"https:\/\/www.youtube.com\/channel\/UChlG2EZhGAYgBiQdI3Zo5fw\",\"https:\/\/www.tiktok.com\/@unlzoficial\"]}]}<\/script>\n<!-- \/ Yoast SEO plugin. -->","yoast_head_json":{"title":"Concesiones Universidad de Lomas de Zamora | UNLZ","description":"Concesiones Universidad de Lomas de Zamora. UNLZ. Licitaci\u00f3n P\u00fablica.","robots":{"index":"index","follow":"follow","max-snippet":"max-snippet:-1","max-image-preview":"max-image-preview:large","max-video-preview":"max-video-preview:-1"},"canonical":"https:\/\/www.unlz.edu.ar\/?page_id=3602","og_locale":"es_ES","og_type":"article","og_title":"Concesiones Universidad de Lomas de Zamora | UNLZ","og_description":"Concesiones Universidad de Lomas de Zamora. UNLZ. Licitaci\u00f3n P\u00fablica.","og_url":"https:\/\/www.unlz.edu.ar\/?page_id=3602","og_site_name":"UNLZ","article_publisher":"https:\/\/www.facebook.com\/UNLZoficial\/","article_modified_time":"2024-08-27T15:18:03+00:00","og_image":[{"width":1500,"height":907,"url":"https:\/\/www.unlz.edu.ar\/wp-content\/uploads\/2019\/10\/licitacion.jpg","type":"image\/jpeg"}],"twitter_card":"summary_large_image","twitter_site":"@UNLZoficial","twitter_misc":{"Tiempo de lectura":"1 minuto"},"schema":{"@context":"https:\/\/schema.org","@graph":[{"@type":"WebPage","@id":"https:\/\/www.unlz.edu.ar\/?page_id=3602","url":"https:\/\/www.unlz.edu.ar\/?page_id=3602","name":"Concesiones Universidad de Lomas de Zamora | UNLZ","isPartOf":{"@id":"https:\/\/www.unlz.edu.ar\/#website"},"primaryImageOfPage":{"@id":"https:\/\/www.unlz.edu.ar\/?page_id=3602#primaryimage"},"image":{"@id":"https:\/\/www.unlz.edu.ar\/?page_id=3602#primaryimage"},"thumbnailUrl":"https:\/\/www.unlz.edu.ar\/wp-content\/uploads\/2019\/10\/licitacion.jpg","datePublished":"2019-10-11T16:13:52+00:00","dateModified":"2024-08-27T15:18:03+00:00","description":"Concesiones Universidad de Lomas de Zamora. UNLZ. Licitaci\u00f3n P\u00fablica.","breadcrumb":{"@id":"https:\/\/www.unlz.edu.ar\/?page_id=3602#breadcrumb"},"inLanguage":"es","potentialAction":[{"@type":"ReadAction","target":["https:\/\/www.unlz.edu.ar\/?page_id=3602"]}]},{"@type":"ImageObject","inLanguage":"es","@id":"https:\/\/www.unlz.edu.ar\/?page_id=3602#primaryimage","url":"https:\/\/www.unlz.edu.ar\/wp-content\/uploads\/2019\/10\/licitacion.jpg","contentUrl":"https:\/\/www.unlz.edu.ar\/wp-content\/uploads\/2019\/10\/licitacion.jpg","width":1500,"height":907,"caption":"Hands of two businesspeople discussing a contract"},{"@type":"BreadcrumbList","@id":"https:\/\/www.unlz.edu.ar\/?page_id=3602#breadcrumb","itemListElement":[{"@type":"ListItem","position":1,"name":"Portada","item":"https:\/\/www.unlz.edu.ar\/"},{"@type":"ListItem","position":2,"name":"Concesiones"}]},{"@type":"WebSite","@id":"https:\/\/www.unlz.edu.ar\/#website","url":"https:\/\/www.unlz.edu.ar\/","name":"UNLZ","description":"Universidad Nacional de Lomas de Zamora","publisher":{"@id":"https:\/\/www.unlz.edu.ar\/#organization"},"potentialAction":[{"@type":"SearchAction","target":{"@type":"EntryPoint","urlTemplate":"https:\/\/www.unlz.edu.ar\/?s={search_term_string}"},"query-input":{"@type":"PropertyValueSpecification","valueRequired":true,"valueName":"search_term_string"}}],"inLanguage":"es"},{"@type":"Organization","@id":"https:\/\/www.unlz.edu.ar\/#organization","name":"Universidad Nacional de Lomas de Zamora","url":"https:\/\/www.unlz.edu.ar\/","logo":{"@type":"ImageObject","inLanguage":"es","@id":"https:\/\/www.unlz.edu.ar\/#\/schema\/logo\/image\/","url":"https:\/\/www.unlz.edu.ar\/wp-content\/uploads\/2023\/12\/unlz-logo-png.png","contentUrl":"https:\/\/www.unlz.edu.ar\/wp-content\/uploads\/2023\/12\/unlz-logo-png.png","width":115,"height":119,"caption":"Universidad Nacional de Lomas de Zamora"},"image":{"@id":"https:\/\/www.unlz.edu.ar\/#\/schema\/logo\/image\/"},"sameAs":["https:\/\/www.facebook.com\/UNLZoficial\/","https:\/\/x.com\/UNLZoficial","https:\/\/www.instagram.com\/unlzoficial\/","https:\/\/www.youtube.com\/channel\/UChlG2EZhGAYgBiQdI3Zo5fw","https:\/\/www.tiktok.com\/@unlzoficial"]}]}},"_links":{"self":[{"href":"https:\/\/www.unlz.edu.ar\/index.php?rest_route=\/wp\/v2\/pages\/3602","targetHints":{"allow":["GET"]}}],"collection":[{"href":"https:\/\/www.unlz.edu.ar\/index.php?rest_route=\/wp\/v2\/pages"}],"about":[{"href":"https:\/\/www.unlz.edu.ar\/index.php?rest_route=\/wp\/v2\/types\/page"}],"author":[{"embeddable":true,"href":"https:\/\/www.unlz.edu.ar\/index.php?rest_route=\/wp\/v2\/users\/1"}],"replies":[{"embeddable":true,"href":"https:\/\/www.unlz.edu.ar\/index.php?rest_route=%2Fwp%2Fv2%2Fcomments&post=3602"}],"version-history":[{"count":39,"href":"https:\/\/www.unlz.edu.ar\/index.php?rest_route=\/wp\/v2\/pages\/3602\/revisions"}],"predecessor-version":[{"id":9364,"href":"https:\/\/www.unlz.edu.ar\/index.php?rest_route=\/wp\/v2\/pages\/3602\/revisions\/9364"}],"wp:featuredmedia":[{"embeddable":true,"href":"https:\/\/www.unlz.edu.ar\/index.php?rest_route=\/wp\/v2\/media\/3541"}],"wp:attachment":[{"href":"https:\/\/www.unlz.edu.ar\/index.php?rest_route=%2Fwp%2Fv2%2Fmedia&parent=3602"}],"curies":[{"name":"wp","href":"https:\/\/api.w.org\/{rel}","templated":true}]}}