{"id":7301,"date":"2021-07-13T10:28:54","date_gmt":"2021-07-13T13:28:54","guid":{"rendered":"https:\/\/www.unlz.edu.ar\/?page_id=7301"},"modified":"2024-03-20T09:34:14","modified_gmt":"2024-03-20T12:34:14","slug":"subasta-publica","status":"publish","type":"page","link":"https:\/\/www.unlz.edu.ar\/?page_id=7301","title":{"rendered":"Subasta P\u00fablica"},"content":{"rendered":"<p>[vc_row full_width=\u00bbstretch_row\u00bb css=\u00bb.vc_custom_1570641328166{margin-top: 0px !important;border-top-width: 0px !important;padding-top: 0px !important;background-color: #f7f7f7 !important;}\u00bb][vc_column css=\u00bb.vc_custom_1570641333978{margin-top: 0px !important;border-top-width: 0px !important;padding-top: 0px !important;}\u00bb]<div class='la_parallax_row js-el' data-bg-align='' data-direction='up' data-opacity='100' data-velocity='-0.3' data-mobile-enabled='parallax-enable-mobile' data-bg-height='907' data-bg-width='1500' data-bg-image='https:\/\/www.unlz.edu.ar\/wp-content\/uploads\/2019\/10\/licitacion.jpg' data-bg-repeat='false' data-id='' data-la_component='ParallaxRow' style='display: none'><\/div>[la_divider height=\u00bbxlg:350px;lg:250px;md:200px;sm:160px;mb:100px;\u00bb][la_heading title=\u00bbSubasta P\u00fablica\u00bb title_fz=\u00bblg:90px;md:60px;sm:40px;xs:36px;\u00bb title_color=\u00bb#ffffff\u00bb][\/la_heading][la_divider height=\u00bbxlg:200px;lg:100px;xs:100px;mb:20px;\u00bb][la_divider height=\u00bbxlg:200px;lg:100px;\u00bb][\/vc_column][\/vc_row][vc_row][vc_column][vc_column_text]<\/p>\n<p>[\/vc_column_text][\/vc_column][\/vc_row][vc_row][vc_column width=\u00bb1\/4&#8243;][vc_column_text]<br \/>\n[\/vc_column_text][\/vc_column][vc_column width=\u00bb1\/2&#8243;][vc_message style=\u00bbsquare\u00bb message_box_color=\u00bbgrey\u00bb]<\/p>\n<p style=\"text-align: center;\"><strong><u>PRESENTACI\u00d3N Y APERTURA DE OFERTAS<\/u><\/strong><strong>:<\/strong><\/p>\n<p style=\"text-align: center;\"><strong>Direcci\u00f3n de Contrataciones \u2013<\/strong>\u00a0Rectorado \u2013 Campus Universitario<\/p>\n<p style=\"text-align: center;\">Av. Juan XXIII y Ruta Provincial \u00a0\u00a0N\u00ba 4 \u2013 por Acceso 1 \u2013 (1832) Lomas de Zamora<\/p>\n<p style=\"text-align: center;\">Provincia de Buenos Aires<\/p>\n<p style=\"text-align: center;\">Horario: de 09:00 a 14:00hs. \u2013 Tel: 7091-8659 \u2013 email: compas@unlz.edu.ar<\/p>\n<p>[\/vc_message][\/vc_column][vc_column width=\u00bb1\/4&#8243;][vc_column_text]<br \/>\n[\/vc_column_text][\/vc_column][\/vc_row][vc_row][vc_column width=\u00bb1\/2&#8243;][vc_column_text]<br \/>\n[\/vc_column_text][\/vc_column][vc_column width=\u00bb1\/2&#8243;][vc_column_text]<br \/>\n[\/vc_column_text][\/vc_column][\/vc_row][vc_row][vc_column width=\u00bb1\/2&#8243;][\/vc_column][vc_column width=\u00bb1\/2&#8243;][\/vc_column][\/vc_row][vc_row][vc_column width=\u00bb1\/2&#8243;][vc_column_text]<br \/>\n[\/vc_column_text][\/vc_column][vc_column width=\u00bb1\/2&#8243;][vc_column_text]<br \/>\n[\/vc_column_text][\/vc_column][\/vc_row][vc_row][vc_column width=\u00bb1\/2&#8243;][vc_column_text]<\/p>\n<h6><\/h6>\n<h6><\/h6>\n<h6><span style=\"color: #0000ff;\"><span style=\"color: #0000ff;\">PROCEDIMIENTO: SUBASTA P\u00daBLICA N.\u00ba 04\/2023 &#8211;\u00a0 <\/span><\/span><span style=\"color: #0000ff;\">EXPEDIENTE: 6.582\/23<\/span><\/h6>\n<hr \/>\n<h6><span style=\"color: #262626;\"><strong>\u00abSUBASTA PUBLICA DE GANADO BOVINO\u00bb\u00a0<\/strong><\/span><\/h6>\n<h6><span style=\"color: #262626;\"><strong>Facultad de Ciencias Agrarias<\/strong><\/span><\/h6>\n<h6><span style=\"color: #262626;\"><strong>Universidad Nacional de Lomas de Zamora<\/strong><\/span><\/h6>\n<h6><span style=\"color: #262626;\"><span style=\"color: #262626;\">SUBASTA: El d\u00eda 17 de Enero de 2024 a las 15:00 horas, realizada por la consignataria Gregorio Aberasturi S.R.L. por cuenta y orden de esta Universidad Nacional.\u00a0\u00a0<\/span><\/span><\/h6>\n<h6><span style=\"color: #262626;\"><strong>CONSULTA \/ INFORMES: comercial@gaberasturisrl.com.ar &#8211; Tel: 02936-432676<\/strong><\/span><\/h6>\n<h6><span style=\"color: #0004f6;\"><strong>FECHA DE SUBASTA:\u00a0<\/strong><\/span><span style=\"color: #993300;\"><span style=\"color: #0004f6;\"><span style=\"color: #0004f6;\">17 de enero de 2024 a las 15:00 horas.<\/span><\/span><\/span><\/h6>\n<h6><span style=\"color: #993300;\"><span style=\"color: #0004f6;\"><span style=\"color: #0004f6;\"> Transmisi\u00f3n de la subasta: <\/span><\/span><\/span><\/h6>\n<h6><span style=\"color: #993300;\"><span style=\"color: #0004f6;\"><span style=\"color: #0004f6;\">Facebook Live: https:\/www.facebook.com\/gregorioaberasturi <\/span><\/span><\/span><\/h6>\n<h6><span style=\"color: #993300;\"><span style=\"color: #0004f6;\"><span style=\"color: #0004f6;\">YouTube: www.youtube.com\/@gregorioaberasturisrl5185\u00a0<\/span><\/span><\/span><\/h6>\n<h6><span style=\"color: #993300;\"><span style=\"color: #0004f6;\"><span style=\"color: #0004f6;\">\u00a0<\/span><\/span><br \/>\n<\/span><\/h6>\n<p>&nbsp;<\/p>\n<p>&nbsp;<\/p>\n<p>&nbsp;<\/p>\n<p>[\/vc_column_text][la_btn title=\u00bbhttps:\/\/www.unlz.edu.ar\/wp-content\/uploads\/2023\/12\/Subasta-de-Ganado-G.-Aberasturi-S.R.L-1.pdf\u00bb style=\u00bboutline\u00bb shape=\u00bbround\u00bb link=\u00bburl:https%3A%2F%2Fwww.unlz.edu.ar%2Fwp-content%2Fuploads%2F2023%2F12%2FSubasta-de-Ganado-G.-Aberasturi-S.R.L.pdf||target:%20_blank|\u00bb][\/vc_column][vc_column width=\u00bb1\/2&#8243;][vc_column_text]<\/p>\n<h6><span style=\"color: #0000ff;\">PROCEDIMIENTO: SUBASTA P\u00daBLICA N\u00ba 05\/2023<\/span><br \/>\n<span style=\"color: #0000ff;\">EXPEDIENTE: 6.583\/23<\/span><\/h6>\n<hr \/>\n<h6>\u00abSUBASTA DE GANADO BOVINO\u00bb<\/h6>\n<h6>Facultad de Ciencias Agrarias<\/h6>\n<h6>Universidad Nacional de Lomas de Zamora.<\/h6>\n<h6>SUBASTA: El d\u00eda 21 de marzo de 2024 a partir de las 11:00 horas, a realizarse en el predio de la Asociaci\u00f3n Rural Torquinst sito en Avenida 25 de Mayo 439\u00a0 &#8211; Torquinst &#8211; Provincia de Buenos Aires.<\/h6>\n<h6>La subasta ser\u00e1 realizada por la consignataria Lanusse-Santill\u00e1n y C\u00eda.. S.A. por cuenta y orden de esta Universidad Nacional<\/h6>\n<h6>CONSULTA : Tel. 0291-15-465937\u00a0 \u00a0email: bamancinelli@yahoo.com.ar<\/h6>\n<h6><\/h6>\n<p>[\/vc_column_text][la_btn title=\u00bbhttps:\/\/www.unlz.edu.ar\/wp-content\/uploads\/2024\/03\/Exp.-6583-Subasta-Publica-05-23-1.pdf\u00bb style=\u00bboutline\u00bb shape=\u00bbround\u00bb link=\u00bburl:https%3A%2F%2Fwww.unlz.edu.ar%2Fwp-content%2Fuploads%2F2024%2F03%2FExp.-6583-Subasta-Publica-05-23-2.pdf||target:%20_blank|\u00bb][\/vc_column][\/vc_row][vc_row][vc_column][la_divider height=\u00bblg:90px;\u00bb][\/vc_column][\/vc_row][vc_row][vc_column][vc_column_text]<br \/>\n[\/vc_column_text][\/vc_column][\/vc_row][vc_row][vc_column][la_divider height=\u00bblg:90px;\u00bb][\/vc_column][\/vc_row]<\/p>\n","protected":false},"excerpt":{"rendered":"<p>[vc_row full_width=\u00bbstretch_row\u00bb css=\u00bb.vc_custom_1570641328166{margin-top: 0px !important;border-top-width: 0px !important;padding-top: 0px !important;background-color: #f7f7f7 !important;}\u00bb][vc_column css=\u00bb.vc_custom_1570641333978{margin-top: 0px !important;border-top-width: 0px !important;padding-top: 0px !important;}\u00bb][la_divider height=\u00bbxlg:350px;lg:250px;md:200px;sm:160px;mb:100px;\u00bb][la_heading title=\u00bbSubasta P\u00fablica\u00bb title_fz=\u00bblg:90px;md:60px;sm:40px;xs:36px;\u00bb title_color=\u00bb#ffffff\u00bb][\/la_heading][la_divider height=\u00bbxlg:200px;lg:100px;xs:100px;mb:20px;\u00bb][la_divider height=\u00bbxlg:200px;lg:100px;\u00bb][\/vc_column][\/vc_row][vc_row][vc_column][vc_column_text] [\/vc_column_text][\/vc_column][\/vc_row][vc_row][vc_column width=\u00bb1\/4&#8243;][vc_column_text] [\/vc_column_text][\/vc_column][vc_column width=\u00bb1\/2&#8243;][vc_message style=\u00bbsquare\u00bb message_box_color=\u00bbgrey\u00bb] PRESENTACI\u00d3N Y APERTURA DE OFERTAS: Direcci\u00f3n de Contrataciones \u2013\u00a0Rectorado \u2013 Campus Universitario Av. Juan XXIII y Ruta Provincial \u00a0\u00a0N\u00ba 4 \u2013 por Acceso 1 \u2013 (1832) Lomas de Zamora&hellip;<\/p>\n","protected":false},"author":1,"featured_media":0,"parent":0,"menu_order":0,"comment_status":"closed","ping_status":"closed","template":"","meta":{"footnotes":""},"class_list":["post-7301","page","type-page","status-publish","hentry"],"yoast_head":"<!-- This site is optimized with the Yoast SEO plugin v26.0 - https:\/\/yoast.com\/wordpress\/plugins\/seo\/ -->\n<title>Subasta P\u00fablica | UNLZ<\/title>\n<meta name=\"robots\" content=\"index, follow, max-snippet:-1, max-image-preview:large, max-video-preview:-1\" \/>\n<link rel=\"canonical\" href=\"https:\/\/www.unlz.edu.ar\/?page_id=7301\" \/>\n<meta property=\"og:locale\" content=\"es_ES\" \/>\n<meta property=\"og:type\" content=\"article\" \/>\n<meta property=\"og:title\" content=\"Subasta P\u00fablica | UNLZ\" \/>\n<meta property=\"og:description\" content=\"[vc_row full_width=\u00bbstretch_row\u00bb css=\u00bb.vc_custom_1570641328166{margin-top: 0px !important;border-top-width: 0px !important;padding-top: 0px !important;background-color: #f7f7f7 !important;}\u00bb][vc_column css=\u00bb.vc_custom_1570641333978{margin-top: 0px !important;border-top-width: 0px !important;padding-top: 0px !important;}\u00bb][la_divider height=\u00bbxlg:350px;lg:250px;md:200px;sm:160px;mb:100px;\u00bb][la_heading title=\u00bbSubasta P\u00fablica\u00bb title_fz=\u00bblg:90px;md:60px;sm:40px;xs:36px;\u00bb title_color=\u00bb#ffffff\u00bb][\/la_heading][la_divider height=\u00bbxlg:200px;lg:100px;xs:100px;mb:20px;\u00bb][la_divider height=\u00bbxlg:200px;lg:100px;\u00bb][\/vc_column][\/vc_row][vc_row][vc_column][vc_column_text] [\/vc_column_text][\/vc_column][\/vc_row][vc_row][vc_column width=\u00bb1\/4&#8243;][vc_column_text] [\/vc_column_text][\/vc_column][vc_column width=\u00bb1\/2&#8243;][vc_message style=\u00bbsquare\u00bb message_box_color=\u00bbgrey\u00bb] PRESENTACI\u00d3N Y APERTURA DE OFERTAS: Direcci\u00f3n de Contrataciones \u2013\u00a0Rectorado \u2013 Campus Universitario Av. Juan XXIII y Ruta Provincial \u00a0\u00a0N\u00ba 4 \u2013 por Acceso 1 \u2013 (1832) Lomas de Zamora&hellip;\" \/>\n<meta property=\"og:url\" content=\"https:\/\/www.unlz.edu.ar\/?page_id=7301\" \/>\n<meta property=\"og:site_name\" content=\"UNLZ\" \/>\n<meta property=\"article:publisher\" content=\"https:\/\/www.facebook.com\/UNLZoficial\/\" \/>\n<meta property=\"article:modified_time\" content=\"2024-03-20T12:34:14+00:00\" \/>\n<meta name=\"twitter:card\" content=\"summary_large_image\" \/>\n<meta name=\"twitter:site\" content=\"@UNLZoficial\" \/>\n<meta name=\"twitter:label1\" content=\"Tiempo de lectura\" \/>\n\t<meta name=\"twitter:data1\" content=\"2 minutos\" \/>\n<script type=\"application\/ld+json\" class=\"yoast-schema-graph\">{\"@context\":\"https:\/\/schema.org\",\"@graph\":[{\"@type\":\"WebPage\",\"@id\":\"https:\/\/www.unlz.edu.ar\/?page_id=7301\",\"url\":\"https:\/\/www.unlz.edu.ar\/?page_id=7301\",\"name\":\"Subasta P\u00fablica | UNLZ\",\"isPartOf\":{\"@id\":\"https:\/\/www.unlz.edu.ar\/#website\"},\"datePublished\":\"2021-07-13T13:28:54+00:00\",\"dateModified\":\"2024-03-20T12:34:14+00:00\",\"breadcrumb\":{\"@id\":\"https:\/\/www.unlz.edu.ar\/?page_id=7301#breadcrumb\"},\"inLanguage\":\"es\",\"potentialAction\":[{\"@type\":\"ReadAction\",\"target\":[\"https:\/\/www.unlz.edu.ar\/?page_id=7301\"]}]},{\"@type\":\"BreadcrumbList\",\"@id\":\"https:\/\/www.unlz.edu.ar\/?page_id=7301#breadcrumb\",\"itemListElement\":[{\"@type\":\"ListItem\",\"position\":1,\"name\":\"Portada\",\"item\":\"https:\/\/www.unlz.edu.ar\/\"},{\"@type\":\"ListItem\",\"position\":2,\"name\":\"Subasta P\u00fablica\"}]},{\"@type\":\"WebSite\",\"@id\":\"https:\/\/www.unlz.edu.ar\/#website\",\"url\":\"https:\/\/www.unlz.edu.ar\/\",\"name\":\"UNLZ\",\"description\":\"Universidad Nacional de Lomas de Zamora\",\"publisher\":{\"@id\":\"https:\/\/www.unlz.edu.ar\/#organization\"},\"potentialAction\":[{\"@type\":\"SearchAction\",\"target\":{\"@type\":\"EntryPoint\",\"urlTemplate\":\"https:\/\/www.unlz.edu.ar\/?s={search_term_string}\"},\"query-input\":{\"@type\":\"PropertyValueSpecification\",\"valueRequired\":true,\"valueName\":\"search_term_string\"}}],\"inLanguage\":\"es\"},{\"@type\":\"Organization\",\"@id\":\"https:\/\/www.unlz.edu.ar\/#organization\",\"name\":\"Universidad Nacional de Lomas de Zamora\",\"url\":\"https:\/\/www.unlz.edu.ar\/\",\"logo\":{\"@type\":\"ImageObject\",\"inLanguage\":\"es\",\"@id\":\"https:\/\/www.unlz.edu.ar\/#\/schema\/logo\/image\/\",\"url\":\"https:\/\/www.unlz.edu.ar\/wp-content\/uploads\/2023\/12\/unlz-logo-png.png\",\"contentUrl\":\"https:\/\/www.unlz.edu.ar\/wp-content\/uploads\/2023\/12\/unlz-logo-png.png\",\"width\":115,\"height\":119,\"caption\":\"Universidad Nacional de Lomas de Zamora\"},\"image\":{\"@id\":\"https:\/\/www.unlz.edu.ar\/#\/schema\/logo\/image\/\"},\"sameAs\":[\"https:\/\/www.facebook.com\/UNLZoficial\/\",\"https:\/\/x.com\/UNLZoficial\",\"https:\/\/www.instagram.com\/unlzoficial\/\",\"https:\/\/www.youtube.com\/channel\/UChlG2EZhGAYgBiQdI3Zo5fw\",\"https:\/\/www.tiktok.com\/@unlzoficial\"]}]}<\/script>\n<!-- \/ Yoast SEO plugin. -->","yoast_head_json":{"title":"Subasta P\u00fablica | UNLZ","robots":{"index":"index","follow":"follow","max-snippet":"max-snippet:-1","max-image-preview":"max-image-preview:large","max-video-preview":"max-video-preview:-1"},"canonical":"https:\/\/www.unlz.edu.ar\/?page_id=7301","og_locale":"es_ES","og_type":"article","og_title":"Subasta P\u00fablica | UNLZ","og_description":"[vc_row full_width=\u00bbstretch_row\u00bb css=\u00bb.vc_custom_1570641328166{margin-top: 0px !important;border-top-width: 0px !important;padding-top: 0px !important;background-color: #f7f7f7 !important;}\u00bb][vc_column css=\u00bb.vc_custom_1570641333978{margin-top: 0px !important;border-top-width: 0px !important;padding-top: 0px !important;}\u00bb][la_divider height=\u00bbxlg:350px;lg:250px;md:200px;sm:160px;mb:100px;\u00bb][la_heading title=\u00bbSubasta P\u00fablica\u00bb title_fz=\u00bblg:90px;md:60px;sm:40px;xs:36px;\u00bb title_color=\u00bb#ffffff\u00bb][\/la_heading][la_divider height=\u00bbxlg:200px;lg:100px;xs:100px;mb:20px;\u00bb][la_divider height=\u00bbxlg:200px;lg:100px;\u00bb][\/vc_column][\/vc_row][vc_row][vc_column][vc_column_text] [\/vc_column_text][\/vc_column][\/vc_row][vc_row][vc_column width=\u00bb1\/4&#8243;][vc_column_text] [\/vc_column_text][\/vc_column][vc_column width=\u00bb1\/2&#8243;][vc_message style=\u00bbsquare\u00bb message_box_color=\u00bbgrey\u00bb] PRESENTACI\u00d3N Y APERTURA DE OFERTAS: Direcci\u00f3n de Contrataciones \u2013\u00a0Rectorado \u2013 Campus Universitario Av. Juan XXIII y Ruta Provincial \u00a0\u00a0N\u00ba 4 \u2013 por Acceso 1 \u2013 (1832) Lomas de Zamora&hellip;","og_url":"https:\/\/www.unlz.edu.ar\/?page_id=7301","og_site_name":"UNLZ","article_publisher":"https:\/\/www.facebook.com\/UNLZoficial\/","article_modified_time":"2024-03-20T12:34:14+00:00","twitter_card":"summary_large_image","twitter_site":"@UNLZoficial","twitter_misc":{"Tiempo de lectura":"2 minutos"},"schema":{"@context":"https:\/\/schema.org","@graph":[{"@type":"WebPage","@id":"https:\/\/www.unlz.edu.ar\/?page_id=7301","url":"https:\/\/www.unlz.edu.ar\/?page_id=7301","name":"Subasta P\u00fablica | UNLZ","isPartOf":{"@id":"https:\/\/www.unlz.edu.ar\/#website"},"datePublished":"2021-07-13T13:28:54+00:00","dateModified":"2024-03-20T12:34:14+00:00","breadcrumb":{"@id":"https:\/\/www.unlz.edu.ar\/?page_id=7301#breadcrumb"},"inLanguage":"es","potentialAction":[{"@type":"ReadAction","target":["https:\/\/www.unlz.edu.ar\/?page_id=7301"]}]},{"@type":"BreadcrumbList","@id":"https:\/\/www.unlz.edu.ar\/?page_id=7301#breadcrumb","itemListElement":[{"@type":"ListItem","position":1,"name":"Portada","item":"https:\/\/www.unlz.edu.ar\/"},{"@type":"ListItem","position":2,"name":"Subasta P\u00fablica"}]},{"@type":"WebSite","@id":"https:\/\/www.unlz.edu.ar\/#website","url":"https:\/\/www.unlz.edu.ar\/","name":"UNLZ","description":"Universidad Nacional de Lomas de Zamora","publisher":{"@id":"https:\/\/www.unlz.edu.ar\/#organization"},"potentialAction":[{"@type":"SearchAction","target":{"@type":"EntryPoint","urlTemplate":"https:\/\/www.unlz.edu.ar\/?s={search_term_string}"},"query-input":{"@type":"PropertyValueSpecification","valueRequired":true,"valueName":"search_term_string"}}],"inLanguage":"es"},{"@type":"Organization","@id":"https:\/\/www.unlz.edu.ar\/#organization","name":"Universidad Nacional de Lomas de Zamora","url":"https:\/\/www.unlz.edu.ar\/","logo":{"@type":"ImageObject","inLanguage":"es","@id":"https:\/\/www.unlz.edu.ar\/#\/schema\/logo\/image\/","url":"https:\/\/www.unlz.edu.ar\/wp-content\/uploads\/2023\/12\/unlz-logo-png.png","contentUrl":"https:\/\/www.unlz.edu.ar\/wp-content\/uploads\/2023\/12\/unlz-logo-png.png","width":115,"height":119,"caption":"Universidad Nacional de Lomas de Zamora"},"image":{"@id":"https:\/\/www.unlz.edu.ar\/#\/schema\/logo\/image\/"},"sameAs":["https:\/\/www.facebook.com\/UNLZoficial\/","https:\/\/x.com\/UNLZoficial","https:\/\/www.instagram.com\/unlzoficial\/","https:\/\/www.youtube.com\/channel\/UChlG2EZhGAYgBiQdI3Zo5fw","https:\/\/www.tiktok.com\/@unlzoficial"]}]}},"_links":{"self":[{"href":"https:\/\/www.unlz.edu.ar\/index.php?rest_route=\/wp\/v2\/pages\/7301","targetHints":{"allow":["GET"]}}],"collection":[{"href":"https:\/\/www.unlz.edu.ar\/index.php?rest_route=\/wp\/v2\/pages"}],"about":[{"href":"https:\/\/www.unlz.edu.ar\/index.php?rest_route=\/wp\/v2\/types\/page"}],"author":[{"embeddable":true,"href":"https:\/\/www.unlz.edu.ar\/index.php?rest_route=\/wp\/v2\/users\/1"}],"replies":[{"embeddable":true,"href":"https:\/\/www.unlz.edu.ar\/index.php?rest_route=%2Fwp%2Fv2%2Fcomments&post=7301"}],"version-history":[{"count":25,"href":"https:\/\/www.unlz.edu.ar\/index.php?rest_route=\/wp\/v2\/pages\/7301\/revisions"}],"predecessor-version":[{"id":9090,"href":"https:\/\/www.unlz.edu.ar\/index.php?rest_route=\/wp\/v2\/pages\/7301\/revisions\/9090"}],"wp:attachment":[{"href":"https:\/\/www.unlz.edu.ar\/index.php?rest_route=%2Fwp%2Fv2%2Fmedia&parent=7301"}],"curies":[{"name":"wp","href":"https:\/\/api.w.org\/{rel}","templated":true}]}}